{"id":153,"date":"2025-01-21T17:12:44","date_gmt":"2025-01-21T14:12:44","guid":{"rendered":"https:\/\/maviyansima.com\/?page_id=153"},"modified":"2025-01-21T18:05:44","modified_gmt":"2025-01-21T15:05:44","slug":"bireysel-isitma-sistemleri","status":"publish","type":"page","link":"https:\/\/maviyansima.com\/index.php\/bireysel-isitma-sistemleri\/","title":{"rendered":"Bireysel Is\u0131tma Sistemleri"},"content":{"rendered":"\t\t<div data-elementor-type=\"wp-page\" data-elementor-id=\"153\" class=\"elementor elementor-153\" data-elementor-post-type=\"page\">\n\t\t\t\t\t\t<section class=\"elementor-section elementor-top-section elementor-element elementor-element-237ae76e elementor-section-height-min-height elementor-section-items-stretch elementor-section-content-middle elementor-section-boxed elementor-section-height-default\" data-id=\"237ae76e\" data-element_type=\"section\" data-settings=\"{&quot;background_background&quot;:&quot;classic&quot;}\">\n\t\t\t\t\t\t\t<div class=\"elementor-background-overlay\"><\/div>\n\t\t\t\t\t\t\t<div class=\"elementor-container elementor-column-gap-default\">\n\t\t\t\t\t<div class=\"elementor-column elementor-col-100 elementor-top-column elementor-element elementor-element-38829791\" data-id=\"38829791\" data-element_type=\"column\">\n\t\t\t<div class=\"elementor-widget-wrap elementor-element-populated\">\n\t\t\t\t\t\t<div class=\"elementor-element elementor-element-293ed92a elementor-widget elementor-widget-heading\" data-id=\"293ed92a\" data-element_type=\"widget\" data-widget_type=\"heading.default\">\n\t\t\t\t<div class=\"elementor-widget-container\">\n\t\t\t\t\t<h2 class=\"elementor-heading-title elementor-size-default\">Bireysel Is\u0131tma Sistemleri<\/h2>\t\t\t\t<\/div>\n\t\t\t\t<\/div>\n\t\t\t\t<div class=\"elementor-element elementor-element-5c5a31d7 elementor-widget elementor-widget-text-editor\" data-id=\"5c5a31d7\" data-element_type=\"widget\" data-widget_type=\"text-editor.default\">\n\t\t\t\t<div class=\"elementor-widget-container\">\n\t\t\t\t\t\t\t\t\t<p><a href=\"https:\/\/maviyansima.com\/\">Anasayfa<\/a> \/ Bireysel Is\u0131tma Sistemleri<\/p>\t\t\t\t\t\t\t\t<\/div>\n\t\t\t\t<\/div>\n\t\t\t\t\t<\/div>\n\t\t<\/div>\n\t\t\t\t\t<\/div>\n\t\t<\/section>\n\t\t\t\t<section class=\"elementor-section elementor-top-section elementor-element elementor-element-a619988 elementor-section-boxed elementor-section-height-default elementor-section-height-default\" data-id=\"a619988\" data-element_type=\"section\">\n\t\t\t\t\t\t<div class=\"elementor-container elementor-column-gap-default\">\n\t\t\t\t\t<div class=\"elementor-column elementor-col-50 elementor-top-column elementor-element elementor-element-9aaffc5\" data-id=\"9aaffc5\" data-element_type=\"column\">\n\t\t\t<div class=\"elementor-widget-wrap elementor-element-populated\">\n\t\t\t\t\t\t<div class=\"elementor-element elementor-element-97dfdf5 elementor-widget elementor-widget-spacer\" data-id=\"97dfdf5\" data-element_type=\"widget\" data-widget_type=\"spacer.default\">\n\t\t\t\t<div class=\"elementor-widget-container\">\n\t\t\t\t\t\t\t<div class=\"elementor-spacer\">\n\t\t\t<div class=\"elementor-spacer-inner\"><\/div>\n\t\t<\/div>\n\t\t\t\t\t\t<\/div>\n\t\t\t\t<\/div>\n\t\t\t\t<div class=\"elementor-element elementor-element-0b6c0a0 elementor-widget elementor-widget-heading\" data-id=\"0b6c0a0\" data-element_type=\"widget\" data-widget_type=\"heading.default\">\n\t\t\t\t<div class=\"elementor-widget-container\">\n\t\t\t\t\t<h4 class=\"elementor-heading-title elementor-size-default\">End\u00fcstriyel Tesisat<\/h4>\t\t\t\t<\/div>\n\t\t\t\t<\/div>\n\t\t\t\t<div class=\"elementor-element elementor-element-b011905 elementor-icon-list--layout-traditional elementor-list-item-link-full_width elementor-widget elementor-widget-icon-list\" data-id=\"b011905\" data-element_type=\"widget\" data-widget_type=\"icon-list.default\">\n\t\t\t\t<div class=\"elementor-widget-container\">\n\t\t\t\t\t\t\t<ul class=\"elementor-icon-list-items\">\n\t\t\t\t\t\t\t<li class=\"elementor-icon-list-item\">\n\t\t\t\t\t\t\t\t\t\t\t<a href=\"https:\/\/maviyansima.com\/index.php\/bireysel-isitma-sistemleri\/\">\n\n\t\t\t\t\t\t\t\t\t\t\t\t<span class=\"elementor-icon-list-icon\">\n\t\t\t\t\t\t\t<i aria-hidden=\"true\" class=\"icon icon-right-arrow1\"><\/i>\t\t\t\t\t\t<\/span>\n\t\t\t\t\t\t\t\t\t\t<span class=\"elementor-icon-list-text\">Bireysel Is\u0131tma Sistemleri<\/span>\n\t\t\t\t\t\t\t\t\t\t\t<\/a>\n\t\t\t\t\t\t\t\t\t<\/li>\n\t\t\t\t\t\t\t\t<li class=\"elementor-icon-list-item\">\n\t\t\t\t\t\t\t\t\t\t\t<a href=\"https:\/\/maviyansima.com\/index.php\/isi-pompasi-sistemleri\/\">\n\n\t\t\t\t\t\t\t\t\t\t\t\t<span class=\"elementor-icon-list-icon\">\n\t\t\t\t\t\t\t<i aria-hidden=\"true\" class=\"icon icon-right-arrow1\"><\/i>\t\t\t\t\t\t<\/span>\n\t\t\t\t\t\t\t\t\t\t<span class=\"elementor-icon-list-text\">Is\u0131 Pompas\u0131 Sistemleri<\/span>\n\t\t\t\t\t\t\t\t\t\t\t<\/a>\n\t\t\t\t\t\t\t\t\t<\/li>\n\t\t\t\t\t\t<\/ul>\n\t\t\t\t\t\t<\/div>\n\t\t\t\t<\/div>\n\t\t\t\t<div class=\"elementor-element elementor-element-cae4e0e elementor-widget-divider--view-line elementor-widget elementor-widget-divider\" data-id=\"cae4e0e\" data-element_type=\"widget\" data-widget_type=\"divider.default\">\n\t\t\t\t<div class=\"elementor-widget-container\">\n\t\t\t\t\t\t\t<div class=\"elementor-divider\">\n\t\t\t<span class=\"elementor-divider-separator\">\n\t\t\t\t\t\t<\/span>\n\t\t<\/div>\n\t\t\t\t\t\t<\/div>\n\t\t\t\t<\/div>\n\t\t\t\t<div class=\"elementor-element elementor-element-fec9810 elementor-widget elementor-widget-spacer\" data-id=\"fec9810\" data-element_type=\"widget\" data-widget_type=\"spacer.default\">\n\t\t\t\t<div class=\"elementor-widget-container\">\n\t\t\t\t\t\t\t<div class=\"elementor-spacer\">\n\t\t\t<div class=\"elementor-spacer-inner\"><\/div>\n\t\t<\/div>\n\t\t\t\t\t\t<\/div>\n\t\t\t\t<\/div>\n\t\t\t\t<section class=\"elementor-section elementor-inner-section elementor-element elementor-element-625ed0a elementor-section-boxed elementor-section-height-default elementor-section-height-default\" data-id=\"625ed0a\" data-element_type=\"section\">\n\t\t\t\t\t\t<div class=\"elementor-container elementor-column-gap-default\">\n\t\t\t\t\t<div class=\"elementor-column elementor-col-100 elementor-inner-column elementor-element elementor-element-8a56b85\" data-id=\"8a56b85\" data-element_type=\"column\" data-settings=\"{&quot;background_background&quot;:&quot;classic&quot;}\">\n\t\t\t<div class=\"elementor-widget-wrap elementor-element-populated\">\n\t\t\t\t\t<div class=\"elementor-background-overlay\"><\/div>\n\t\t\t\t\t\t<div class=\"elementor-element elementor-element-a9ea10e elementor-widget elementor-widget-heading\" data-id=\"a9ea10e\" data-element_type=\"widget\" data-widget_type=\"heading.default\">\n\t\t\t\t<div class=\"elementor-widget-container\">\n\t\t\t\t\t<h4 class=\"elementor-heading-title elementor-size-default\">\u00dccretsiz Ke\u015fif \u0130ster Misiniz?<\/h4>\t\t\t\t<\/div>\n\t\t\t\t<\/div>\n\t\t\t\t<div class=\"elementor-element elementor-element-7fbb82b elementor-widget elementor-widget-text-editor\" data-id=\"7fbb82b\" data-element_type=\"widget\" data-widget_type=\"text-editor.default\">\n\t\t\t\t<div class=\"elementor-widget-container\">\n\t\t\t\t\t\t\t\t\t<p>Formu Doldurun ve Sizinle Hemen \u0130leti\u015fime Ge\u00e7elim<\/p>\t\t\t\t\t\t\t\t<\/div>\n\t\t\t\t<\/div>\n\t\t\t\t<div class=\"elementor-element elementor-element-9b07dc9 elementor-mobile-align-center elementor-widget elementor-widget-button\" data-id=\"9b07dc9\" data-element_type=\"widget\" data-widget_type=\"button.default\">\n\t\t\t\t<div class=\"elementor-widget-container\">\n\t\t\t\t\t\t\t\t\t<div class=\"elementor-button-wrapper\">\n\t\t\t\t\t<a class=\"elementor-button elementor-button-link elementor-size-sm elementor-animation-float\" href=\"#\">\n\t\t\t\t\t\t<span class=\"elementor-button-content-wrapper\">\n\t\t\t\t\t\t<span class=\"elementor-button-icon\">\n\t\t\t\t<i aria-hidden=\"true\" class=\"icon icon-arrow-right-circle\"><\/i>\t\t\t<\/span>\n\t\t\t\t\t\t\t\t\t<span class=\"elementor-button-text\">Form<\/span>\n\t\t\t\t\t<\/span>\n\t\t\t\t\t<\/a>\n\t\t\t\t<\/div>\n\t\t\t\t\t\t\t\t<\/div>\n\t\t\t\t<\/div>\n\t\t\t\t\t<\/div>\n\t\t<\/div>\n\t\t\t\t\t<\/div>\n\t\t<\/section>\n\t\t\t\t\t<\/div>\n\t\t<\/div>\n\t\t\t\t<div class=\"elementor-column elementor-col-50 elementor-top-column elementor-element elementor-element-4bdcdf5\" data-id=\"4bdcdf5\" data-element_type=\"column\">\n\t\t\t<div class=\"elementor-widget-wrap elementor-element-populated\">\n\t\t\t\t\t\t<div class=\"elementor-element elementor-element-e0fd486 elementor-widget elementor-widget-image\" data-id=\"e0fd486\" data-element_type=\"widget\" data-widget_type=\"image.default\">\n\t\t\t\t<div class=\"elementor-widget-container\">\n\t\t\t\t\t\t\t\t\t\t\t\t\t\t\t<img fetchpriority=\"high\" decoding=\"async\" width=\"1000\" height=\"667\" src=\"https:\/\/maviyansima.com\/wp-content\/uploads\/2025\/01\/2149308989.jpg\" class=\"attachment-full size-full wp-image-175\" alt=\"\" srcset=\"https:\/\/maviyansima.com\/wp-content\/uploads\/2025\/01\/2149308989.jpg 1000w, https:\/\/maviyansima.com\/wp-content\/uploads\/2025\/01\/2149308989-300x200.jpg 300w, https:\/\/maviyansima.com\/wp-content\/uploads\/2025\/01\/2149308989-768x512.jpg 768w\" sizes=\"(max-width: 1000px) 100vw, 1000px\" \/>\t\t\t\t\t\t\t\t\t\t\t\t\t\t\t<\/div>\n\t\t\t\t<\/div>\n\t\t\t\t<div class=\"elementor-element elementor-element-c3905ed elementor-widget elementor-widget-heading\" data-id=\"c3905ed\" data-element_type=\"widget\" data-widget_type=\"heading.default\">\n\t\t\t\t<div class=\"elementor-widget-container\">\n\t\t\t\t\t<h3 class=\"elementor-heading-title elementor-size-default\">Mavi Yans\u0131ma Bireysel Is\u0131tma Sistemleri\n\n\n\n<\/h3>\t\t\t\t<\/div>\n\t\t\t\t<\/div>\n\t\t\t\t<div class=\"elementor-element elementor-element-72e8fea elementor-widget elementor-widget-text-editor\" data-id=\"72e8fea\" data-element_type=\"widget\" data-widget_type=\"text-editor.default\">\n\t\t\t\t<div class=\"elementor-widget-container\">\n\t\t\t\t\t\t\t\t\t<p>Mavi Yans\u0131ma olarak, evinizin veya i\u015fyerinizin \u0131s\u0131tma ve s\u0131cak su ihtiyac\u0131n\u0131 do\u011fru \u015fekilde analiz ederek, sizin i\u00e7in en uygun \u00e7\u00f6z\u00fcm\u00fc sunuyoruz. Her ad\u0131mda profesyonel yakla\u015f\u0131m\u0131m\u0131z ve uzman ekibimizle, ihtiya\u00e7lar\u0131n\u0131za \u00f6zel \u0131s\u0131nma \u00e7\u00f6z\u00fcmleri sa\u011fl\u0131yoruz. Olu\u015fturdu\u011fumuz organizasyon yap\u0131m\u0131z sayesinde, her a\u015fama titizlikle uygulan\u0131r:<\/p><ul><li>\u00d6n Ke\u015fif: \u0130htiyac\u0131n\u0131z olan \u0131s\u0131tma kapasitesini do\u011fru bir \u015fekilde tespit etmek i\u00e7in \u00fccretsiz ke\u015fif hizmeti sunuyoruz.<\/li><li>Do\u011fru Kapasite Belirleme: \u0130htiyac\u0131n\u0131z olan enerji kapasitesini do\u011fru hesaplamak i\u00e7in m\u00fchendislik hesaplamalar\u0131 yap\u0131yoruz.<\/li><li>Do\u011falgaz Projesi \u00c7izimi: Yasal \u015fartlara uygun \u015fekilde do\u011falgaz tesisat\u0131n\u0131z\u0131n projelendirilmesi i\u015flemi yap\u0131l\u0131r.<\/li><li>Do\u011falgaz ve Is\u0131tma Tesisat\u0131n\u0131n Yap\u0131lmas\u0131: Modern ve g\u00fcvenli tesisat uygulamalar\u0131 ile do\u011falgaz ve \u0131s\u0131tma sisteminiz kurulur.<\/li><li>Gaz A\u00e7ma \u0130\u015flemi: Gaz da\u011f\u0131t\u0131m firmalar\u0131yla koordineli \u015fekilde gaz a\u00e7ma i\u015flemi ger\u00e7ekle\u015ftirilir.<\/li><\/ul><p>\u00a0<\/p><p>T\u00fcm bu a\u015famalar ba\u015far\u0131yla tamamland\u0131\u011f\u0131nda, kombiniz \u00e7al\u0131\u015f\u0131r vaziyette teslim edilir ve konforlu bir ya\u015fam alan\u0131 sa\u011flan\u0131r.<\/p>\t\t\t\t\t\t\t\t<\/div>\n\t\t\t\t<\/div>\n\t\t\t\t\t<\/div>\n\t\t<\/div>\n\t\t\t\t\t<\/div>\n\t\t<\/section>\n\t\t\t\t<\/div>\n\t\t","protected":false},"excerpt":{"rendered":"<p>Bireysel Is\u0131tma Sistemleri Anasayfa \/ Bireysel Is\u0131tma Sistemleri End\u00fcstriyel Tesisat Bireysel Is\u0131tma Sistemleri Is\u0131 Pompas\u0131 Sistemleri \u00dccretsiz Ke\u015fif \u0130ster Misiniz? Formu Doldurun ve Sizinle Hemen \u0130leti\u015fime Ge\u00e7elim Form Mavi Yans\u0131ma Bireysel Is\u0131tma Sistemleri Mavi Yans\u0131ma olarak, evinizin veya i\u015fyerinizin \u0131s\u0131tma ve s\u0131cak su ihtiyac\u0131n\u0131 do\u011fru \u015fekilde analiz ederek, sizin i\u00e7in en uygun \u00e7\u00f6z\u00fcm\u00fc sunuyoruz. Her [&hellip;]<\/p>\n","protected":false},"author":1,"featured_media":0,"parent":0,"menu_order":0,"comment_status":"closed","ping_status":"closed","template":"elementor_header_footer","meta":{"_joinchat":[],"footnotes":""},"class_list":["post-153","page","type-page","status-publish","hentry"],"_links":{"self":[{"href":"https:\/\/maviyansima.com\/index.php\/wp-json\/wp\/v2\/pages\/153","targetHints":{"allow":["GET"]}}],"collection":[{"href":"https:\/\/maviyansima.com\/index.php\/wp-json\/wp\/v2\/pages"}],"about":[{"href":"https:\/\/maviyansima.com\/index.php\/wp-json\/wp\/v2\/types\/page"}],"author":[{"embeddable":true,"href":"https:\/\/maviyansima.com\/index.php\/wp-json\/wp\/v2\/users\/1"}],"replies":[{"embeddable":true,"href":"https:\/\/maviyansima.com\/index.php\/wp-json\/wp\/v2\/comments?post=153"}],"version-history":[{"count":7,"href":"https:\/\/maviyansima.com\/index.php\/wp-json\/wp\/v2\/pages\/153\/revisions"}],"predecessor-version":[{"id":197,"href":"https:\/\/maviyansima.com\/index.php\/wp-json\/wp\/v2\/pages\/153\/revisions\/197"}],"wp:attachment":[{"href":"https:\/\/maviyansima.com\/index.php\/wp-json\/wp\/v2\/media?parent=153"}],"curies":[{"name":"wp","href":"https:\/\/api.w.org\/{rel}","templated":true}]}}