{"id":154,"date":"2025-01-21T17:13:01","date_gmt":"2025-01-21T14:13:01","guid":{"rendered":"https:\/\/maviyansima.com\/?page_id=154"},"modified":"2025-01-21T18:06:10","modified_gmt":"2025-01-21T15:06:10","slug":"isi-pompasi-sistemleri","status":"publish","type":"page","link":"https:\/\/maviyansima.com\/index.php\/isi-pompasi-sistemleri\/","title":{"rendered":"Is\u0131 Pompas\u0131 Sistemleri"},"content":{"rendered":"\t\t<div data-elementor-type=\"wp-page\" data-elementor-id=\"154\" class=\"elementor elementor-154\" data-elementor-post-type=\"page\">\n\t\t\t\t\t\t<section class=\"elementor-section elementor-top-section elementor-element elementor-element-406ea949 elementor-section-height-min-height elementor-section-items-stretch elementor-section-content-middle elementor-section-boxed elementor-section-height-default\" data-id=\"406ea949\" data-element_type=\"section\" data-settings=\"{&quot;background_background&quot;:&quot;classic&quot;}\">\n\t\t\t\t\t\t\t<div class=\"elementor-background-overlay\"><\/div>\n\t\t\t\t\t\t\t<div class=\"elementor-container elementor-column-gap-default\">\n\t\t\t\t\t<div class=\"elementor-column elementor-col-100 elementor-top-column elementor-element elementor-element-44d997f1\" data-id=\"44d997f1\" data-element_type=\"column\">\n\t\t\t<div class=\"elementor-widget-wrap elementor-element-populated\">\n\t\t\t\t\t\t<div class=\"elementor-element elementor-element-55043e0 elementor-widget elementor-widget-heading\" data-id=\"55043e0\" data-element_type=\"widget\" data-widget_type=\"heading.default\">\n\t\t\t\t<div class=\"elementor-widget-container\">\n\t\t\t\t\t<h2 class=\"elementor-heading-title elementor-size-default\">Is\u0131 Pompas\u0131 Sistemleri<\/h2>\t\t\t\t<\/div>\n\t\t\t\t<\/div>\n\t\t\t\t<div class=\"elementor-element elementor-element-7ed0d3f elementor-widget elementor-widget-text-editor\" data-id=\"7ed0d3f\" data-element_type=\"widget\" data-widget_type=\"text-editor.default\">\n\t\t\t\t<div class=\"elementor-widget-container\">\n\t\t\t\t\t\t\t\t\t<p><a href=\"https:\/\/maviyansima.com\/\">Anasyafa <\/a>\/ Is\u0131 Pompas\u0131 Sistemleri<\/p>\t\t\t\t\t\t\t\t<\/div>\n\t\t\t\t<\/div>\n\t\t\t\t\t<\/div>\n\t\t<\/div>\n\t\t\t\t\t<\/div>\n\t\t<\/section>\n\t\t\t\t<section class=\"elementor-section elementor-top-section elementor-element elementor-element-6546027 elementor-section-boxed elementor-section-height-default elementor-section-height-default\" data-id=\"6546027\" data-element_type=\"section\">\n\t\t\t\t\t\t<div class=\"elementor-container elementor-column-gap-default\">\n\t\t\t\t\t<div class=\"elementor-column elementor-col-50 elementor-top-column elementor-element elementor-element-9fc30cf\" data-id=\"9fc30cf\" data-element_type=\"column\">\n\t\t\t<div class=\"elementor-widget-wrap elementor-element-populated\">\n\t\t\t\t\t\t<div class=\"elementor-element elementor-element-2eccf1a elementor-widget elementor-widget-spacer\" data-id=\"2eccf1a\" data-element_type=\"widget\" data-widget_type=\"spacer.default\">\n\t\t\t\t<div class=\"elementor-widget-container\">\n\t\t\t\t\t\t\t<div class=\"elementor-spacer\">\n\t\t\t<div class=\"elementor-spacer-inner\"><\/div>\n\t\t<\/div>\n\t\t\t\t\t\t<\/div>\n\t\t\t\t<\/div>\n\t\t\t\t<div class=\"elementor-element elementor-element-839db66 elementor-widget elementor-widget-heading\" data-id=\"839db66\" data-element_type=\"widget\" data-widget_type=\"heading.default\">\n\t\t\t\t<div class=\"elementor-widget-container\">\n\t\t\t\t\t<h4 class=\"elementor-heading-title elementor-size-default\">End\u00fcstriyel Tesisat<\/h4>\t\t\t\t<\/div>\n\t\t\t\t<\/div>\n\t\t\t\t<div class=\"elementor-element elementor-element-dd28ff4 elementor-icon-list--layout-traditional elementor-list-item-link-full_width elementor-widget elementor-widget-icon-list\" data-id=\"dd28ff4\" data-element_type=\"widget\" data-widget_type=\"icon-list.default\">\n\t\t\t\t<div class=\"elementor-widget-container\">\n\t\t\t\t\t\t\t<ul class=\"elementor-icon-list-items\">\n\t\t\t\t\t\t\t<li class=\"elementor-icon-list-item\">\n\t\t\t\t\t\t\t\t\t\t\t<a href=\"https:\/\/maviyansima.com\/index.php\/bireysel-isitma-sistemleri\/\">\n\n\t\t\t\t\t\t\t\t\t\t\t\t<span class=\"elementor-icon-list-icon\">\n\t\t\t\t\t\t\t<i aria-hidden=\"true\" class=\"icon icon-right-arrow1\"><\/i>\t\t\t\t\t\t<\/span>\n\t\t\t\t\t\t\t\t\t\t<span class=\"elementor-icon-list-text\">Bireysel Is\u0131tma Sistemleri<\/span>\n\t\t\t\t\t\t\t\t\t\t\t<\/a>\n\t\t\t\t\t\t\t\t\t<\/li>\n\t\t\t\t\t\t\t\t<li class=\"elementor-icon-list-item\">\n\t\t\t\t\t\t\t\t\t\t\t<a href=\"https:\/\/maviyansima.com\/index.php\/isi-pompasi-sistemleri\/\">\n\n\t\t\t\t\t\t\t\t\t\t\t\t<span class=\"elementor-icon-list-icon\">\n\t\t\t\t\t\t\t<i aria-hidden=\"true\" class=\"icon icon-right-arrow1\"><\/i>\t\t\t\t\t\t<\/span>\n\t\t\t\t\t\t\t\t\t\t<span class=\"elementor-icon-list-text\">Is\u0131 Pompas\u0131 Sistemleri<\/span>\n\t\t\t\t\t\t\t\t\t\t\t<\/a>\n\t\t\t\t\t\t\t\t\t<\/li>\n\t\t\t\t\t\t<\/ul>\n\t\t\t\t\t\t<\/div>\n\t\t\t\t<\/div>\n\t\t\t\t<div class=\"elementor-element elementor-element-a390be1 elementor-widget-divider--view-line elementor-widget elementor-widget-divider\" data-id=\"a390be1\" data-element_type=\"widget\" data-widget_type=\"divider.default\">\n\t\t\t\t<div class=\"elementor-widget-container\">\n\t\t\t\t\t\t\t<div class=\"elementor-divider\">\n\t\t\t<span class=\"elementor-divider-separator\">\n\t\t\t\t\t\t<\/span>\n\t\t<\/div>\n\t\t\t\t\t\t<\/div>\n\t\t\t\t<\/div>\n\t\t\t\t<div class=\"elementor-element elementor-element-97d1303 elementor-widget elementor-widget-spacer\" data-id=\"97d1303\" data-element_type=\"widget\" data-widget_type=\"spacer.default\">\n\t\t\t\t<div class=\"elementor-widget-container\">\n\t\t\t\t\t\t\t<div class=\"elementor-spacer\">\n\t\t\t<div class=\"elementor-spacer-inner\"><\/div>\n\t\t<\/div>\n\t\t\t\t\t\t<\/div>\n\t\t\t\t<\/div>\n\t\t\t\t<section class=\"elementor-section elementor-inner-section elementor-element elementor-element-a958ef3 elementor-section-boxed elementor-section-height-default elementor-section-height-default\" data-id=\"a958ef3\" data-element_type=\"section\">\n\t\t\t\t\t\t<div class=\"elementor-container elementor-column-gap-default\">\n\t\t\t\t\t<div class=\"elementor-column elementor-col-100 elementor-inner-column elementor-element elementor-element-915f515\" data-id=\"915f515\" data-element_type=\"column\" data-settings=\"{&quot;background_background&quot;:&quot;classic&quot;}\">\n\t\t\t<div class=\"elementor-widget-wrap elementor-element-populated\">\n\t\t\t\t\t<div class=\"elementor-background-overlay\"><\/div>\n\t\t\t\t\t\t<div class=\"elementor-element elementor-element-c3f9c73 elementor-widget elementor-widget-heading\" data-id=\"c3f9c73\" data-element_type=\"widget\" data-widget_type=\"heading.default\">\n\t\t\t\t<div class=\"elementor-widget-container\">\n\t\t\t\t\t<h4 class=\"elementor-heading-title elementor-size-default\">\u00dccretsiz Ke\u015fif \u0130ster Misiniz?<\/h4>\t\t\t\t<\/div>\n\t\t\t\t<\/div>\n\t\t\t\t<div class=\"elementor-element elementor-element-6e16b89 elementor-widget elementor-widget-text-editor\" data-id=\"6e16b89\" data-element_type=\"widget\" data-widget_type=\"text-editor.default\">\n\t\t\t\t<div class=\"elementor-widget-container\">\n\t\t\t\t\t\t\t\t\t<p>Formu Doldurun ve Sizinle Hemen \u0130leti\u015fime Ge\u00e7elim<\/p>\t\t\t\t\t\t\t\t<\/div>\n\t\t\t\t<\/div>\n\t\t\t\t<div class=\"elementor-element elementor-element-9e61ec6 elementor-mobile-align-center elementor-widget elementor-widget-button\" data-id=\"9e61ec6\" data-element_type=\"widget\" data-widget_type=\"button.default\">\n\t\t\t\t<div class=\"elementor-widget-container\">\n\t\t\t\t\t\t\t\t\t<div class=\"elementor-button-wrapper\">\n\t\t\t\t\t<a class=\"elementor-button elementor-button-link elementor-size-sm elementor-animation-float\" href=\"#\">\n\t\t\t\t\t\t<span class=\"elementor-button-content-wrapper\">\n\t\t\t\t\t\t<span class=\"elementor-button-icon\">\n\t\t\t\t<i aria-hidden=\"true\" class=\"icon icon-arrow-right-circle\"><\/i>\t\t\t<\/span>\n\t\t\t\t\t\t\t\t\t<span class=\"elementor-button-text\">Form<\/span>\n\t\t\t\t\t<\/span>\n\t\t\t\t\t<\/a>\n\t\t\t\t<\/div>\n\t\t\t\t\t\t\t\t<\/div>\n\t\t\t\t<\/div>\n\t\t\t\t\t<\/div>\n\t\t<\/div>\n\t\t\t\t\t<\/div>\n\t\t<\/section>\n\t\t\t\t\t<\/div>\n\t\t<\/div>\n\t\t\t\t<div class=\"elementor-column elementor-col-50 elementor-top-column elementor-element elementor-element-de53945\" data-id=\"de53945\" data-element_type=\"column\">\n\t\t\t<div class=\"elementor-widget-wrap elementor-element-populated\">\n\t\t\t\t\t\t<div class=\"elementor-element elementor-element-7a5cd27 elementor-widget elementor-widget-image\" data-id=\"7a5cd27\" data-element_type=\"widget\" data-widget_type=\"image.default\">\n\t\t\t\t<div class=\"elementor-widget-container\">\n\t\t\t\t\t\t\t\t\t\t\t\t\t\t\t<img fetchpriority=\"high\" decoding=\"async\" width=\"1000\" height=\"714\" src=\"https:\/\/maviyansima.com\/wp-content\/uploads\/2025\/01\/2149250260.jpg\" class=\"attachment-full size-full wp-image-194\" alt=\"\" srcset=\"https:\/\/maviyansima.com\/wp-content\/uploads\/2025\/01\/2149250260.jpg 1000w, https:\/\/maviyansima.com\/wp-content\/uploads\/2025\/01\/2149250260-300x214.jpg 300w, https:\/\/maviyansima.com\/wp-content\/uploads\/2025\/01\/2149250260-768x548.jpg 768w\" sizes=\"(max-width: 1000px) 100vw, 1000px\" \/>\t\t\t\t\t\t\t\t\t\t\t\t\t\t\t<\/div>\n\t\t\t\t<\/div>\n\t\t\t\t<div class=\"elementor-element elementor-element-c65630c elementor-widget elementor-widget-heading\" data-id=\"c65630c\" data-element_type=\"widget\" data-widget_type=\"heading.default\">\n\t\t\t\t<div class=\"elementor-widget-container\">\n\t\t\t\t\t<h3 class=\"elementor-heading-title elementor-size-default\">Mavi Yans\u0131ma Is\u0131 Pompas\u0131 Sistemleri\n\n\n\n<\/h3>\t\t\t\t<\/div>\n\t\t\t\t<\/div>\n\t\t\t\t<div class=\"elementor-element elementor-element-2c84b52 elementor-widget elementor-widget-text-editor\" data-id=\"2c84b52\" data-element_type=\"widget\" data-widget_type=\"text-editor.default\">\n\t\t\t\t<div class=\"elementor-widget-container\">\n\t\t\t\t\t\t\t\t\t<p>Is\u0131 pompas\u0131, \u0131s\u0131tma, so\u011futma ve s\u0131cak su ihtiya\u00e7lar\u0131n\u0131 kar\u015f\u0131lamak i\u00e7in tasarlanm\u0131\u015f, \u00e7evre dostu ve enerji verimli sistemlerdir. Is\u0131 pompas\u0131, enerji verimlili\u011fi y\u00fcksek bir \u00e7\u00f6z\u00fcm sunarak, enerji ihtiyac\u0131n\u0131n bir k\u0131sm\u0131n\u0131 elektrikten, geri kalan k\u0131sm\u0131n\u0131 ise havadan veya sudan al\u0131r.<\/p><p>Mavi Yans\u0131ma olarak, \u00f6zellikle Havadan Suya ve Sudan Suya \u00e7e\u015fitleriyle \u0131s\u0131 pompas\u0131 sistemlerini m\u00fc\u015fterilerimizin hizmetine sunuyoruz. Bu sistemler, enerji verimlili\u011fi sa\u011flarken ayn\u0131 zamanda uzun vadede d\u00fc\u015f\u00fck i\u015fletme maliyetleri sunar.<\/p><p>G\u00fcn\u00fcm\u00fczde, \u00e7evre dostu \u00e7\u00f6z\u00fcmlere olan talep artt\u0131k\u00e7a, \u0131s\u0131 pompalar\u0131 daha fazla tercih edilmektedir. Mavi Yans\u0131ma, \u0131s\u0131 pompas\u0131 sistemlerinin kurulumu ve bak\u0131m\u0131 konusunda uzman kadrosuyla sizlere en iyi hizmeti sunmak i\u00e7in haz\u0131rd\u0131r.<\/p>\t\t\t\t\t\t\t\t<\/div>\n\t\t\t\t<\/div>\n\t\t\t\t\t<\/div>\n\t\t<\/div>\n\t\t\t\t\t<\/div>\n\t\t<\/section>\n\t\t\t\t<\/div>\n\t\t","protected":false},"excerpt":{"rendered":"<p>Is\u0131 Pompas\u0131 Sistemleri Anasyafa \/ Is\u0131 Pompas\u0131 Sistemleri End\u00fcstriyel Tesisat Bireysel Is\u0131tma Sistemleri Is\u0131 Pompas\u0131 Sistemleri \u00dccretsiz Ke\u015fif \u0130ster Misiniz? Formu Doldurun ve Sizinle Hemen \u0130leti\u015fime Ge\u00e7elim Form Mavi Yans\u0131ma Is\u0131 Pompas\u0131 Sistemleri Is\u0131 pompas\u0131, \u0131s\u0131tma, so\u011futma ve s\u0131cak su ihtiya\u00e7lar\u0131n\u0131 kar\u015f\u0131lamak i\u00e7in tasarlanm\u0131\u015f, \u00e7evre dostu ve enerji verimli sistemlerdir. Is\u0131 pompas\u0131, enerji verimlili\u011fi y\u00fcksek [&hellip;]<\/p>\n","protected":false},"author":1,"featured_media":0,"parent":0,"menu_order":0,"comment_status":"closed","ping_status":"closed","template":"elementor_header_footer","meta":{"_joinchat":[],"footnotes":""},"class_list":["post-154","page","type-page","status-publish","hentry"],"_links":{"self":[{"href":"https:\/\/maviyansima.com\/index.php\/wp-json\/wp\/v2\/pages\/154","targetHints":{"allow":["GET"]}}],"collection":[{"href":"https:\/\/maviyansima.com\/index.php\/wp-json\/wp\/v2\/pages"}],"about":[{"href":"https:\/\/maviyansima.com\/index.php\/wp-json\/wp\/v2\/types\/page"}],"author":[{"embeddable":true,"href":"https:\/\/maviyansima.com\/index.php\/wp-json\/wp\/v2\/users\/1"}],"replies":[{"embeddable":true,"href":"https:\/\/maviyansima.com\/index.php\/wp-json\/wp\/v2\/comments?post=154"}],"version-history":[{"count":7,"href":"https:\/\/maviyansima.com\/index.php\/wp-json\/wp\/v2\/pages\/154\/revisions"}],"predecessor-version":[{"id":200,"href":"https:\/\/maviyansima.com\/index.php\/wp-json\/wp\/v2\/pages\/154\/revisions\/200"}],"wp:attachment":[{"href":"https:\/\/maviyansima.com\/index.php\/wp-json\/wp\/v2\/media?parent=154"}],"curies":[{"name":"wp","href":"https:\/\/api.w.org\/{rel}","templated":true}]}}