{"id":266,"date":"2025-04-21T14:24:52","date_gmt":"2025-04-21T11:24:52","guid":{"rendered":"https:\/\/maviyansima.com\/?page_id=266"},"modified":"2025-04-21T14:54:44","modified_gmt":"2025-04-21T11:54:44","slug":"blog","status":"publish","type":"page","link":"https:\/\/maviyansima.com\/index.php\/blog\/","title":{"rendered":"Blog"},"content":{"rendered":"\t\t<div data-elementor-type=\"wp-page\" data-elementor-id=\"266\" class=\"elementor elementor-266\" data-elementor-post-type=\"page\">\n\t\t\t\t\t\t<section class=\"elementor-section elementor-top-section elementor-element elementor-element-4127986b elementor-section-height-min-height elementor-section-items-stretch elementor-section-content-middle elementor-section-boxed elementor-section-height-default\" data-id=\"4127986b\" data-element_type=\"section\" data-settings=\"{&quot;background_background&quot;:&quot;classic&quot;}\">\n\t\t\t\t\t\t\t<div class=\"elementor-background-overlay\"><\/div>\n\t\t\t\t\t\t\t<div class=\"elementor-container elementor-column-gap-default\">\n\t\t\t\t\t<div class=\"elementor-column elementor-col-100 elementor-top-column elementor-element elementor-element-4d0e9e20\" data-id=\"4d0e9e20\" data-element_type=\"column\">\n\t\t\t<div class=\"elementor-widget-wrap elementor-element-populated\">\n\t\t\t\t\t\t<div class=\"elementor-element elementor-element-4bbde6ce elementor-widget elementor-widget-heading\" data-id=\"4bbde6ce\" data-element_type=\"widget\" data-widget_type=\"heading.default\">\n\t\t\t\t<div class=\"elementor-widget-container\">\n\t\t\t\t\t<h2 class=\"elementor-heading-title elementor-size-default\">Blog<\/h2>\t\t\t\t<\/div>\n\t\t\t\t<\/div>\n\t\t\t\t<div class=\"elementor-element elementor-element-2e65bb1b elementor-widget elementor-widget-text-editor\" data-id=\"2e65bb1b\" data-element_type=\"widget\" data-widget_type=\"text-editor.default\">\n\t\t\t\t<div class=\"elementor-widget-container\">\n\t\t\t\t\t\t\t\t\t<p>Anasayfa\/ Blog<\/p>\t\t\t\t\t\t\t\t<\/div>\n\t\t\t\t<\/div>\n\t\t\t\t\t<\/div>\n\t\t<\/div>\n\t\t\t\t\t<\/div>\n\t\t<\/section>\n\t\t\t\t<section class=\"elementor-section elementor-top-section elementor-element elementor-element-4ba849b4 elementor-section-boxed elementor-section-height-default elementor-section-height-default\" data-id=\"4ba849b4\" data-element_type=\"section\">\n\t\t\t\t\t\t<div class=\"elementor-container elementor-column-gap-default\">\n\t\t\t\t\t<div class=\"elementor-column elementor-col-100 elementor-top-column elementor-element elementor-element-2ad1e18b\" data-id=\"2ad1e18b\" data-element_type=\"column\">\n\t\t\t<div class=\"elementor-widget-wrap elementor-element-populated\">\n\t\t\t\t\t\t<div class=\"elementor-element elementor-element-211b93bb elementor-posts--align-left elementor-grid-2 elementor-grid-tablet-2 elementor-grid-mobile-1 elementor-posts--thumbnail-top elementor-card-shadow-yes elementor-posts__hover-gradient elementor-widget elementor-widget-posts\" data-id=\"211b93bb\" data-element_type=\"widget\" data-settings=\"{&quot;cards_row_gap&quot;:{&quot;unit&quot;:&quot;px&quot;,&quot;size&quot;:20,&quot;sizes&quot;:[]},&quot;cards_columns&quot;:&quot;2&quot;,&quot;cards_columns_tablet&quot;:&quot;2&quot;,&quot;cards_columns_mobile&quot;:&quot;1&quot;,&quot;cards_row_gap_tablet&quot;:{&quot;unit&quot;:&quot;px&quot;,&quot;size&quot;:&quot;&quot;,&quot;sizes&quot;:[]},&quot;cards_row_gap_mobile&quot;:{&quot;unit&quot;:&quot;px&quot;,&quot;size&quot;:&quot;&quot;,&quot;sizes&quot;:[]}}\" data-widget_type=\"posts.cards\">\n\t\t\t\t<div class=\"elementor-widget-container\">\n\t\t\t\t\t\t\t<div class=\"elementor-posts-container elementor-posts elementor-posts--skin-cards elementor-grid\" role=\"list\">\n\t\t\t\t<article class=\"elementor-post elementor-grid-item post-305 post type-post status-publish format-standard has-post-thumbnail hentry category-genel\" role=\"listitem\">\n\t\t\t<div class=\"elementor-post__card\">\n\t\t\t\t<a class=\"elementor-post__thumbnail__link\" href=\"https:\/\/maviyansima.com\/index.php\/2025\/06\/16\/yaz-aylarinda-kombi-kullanimi\/\" tabindex=\"-1\" ><div class=\"elementor-post__thumbnail\"><img fetchpriority=\"high\" decoding=\"async\" width=\"1000\" height=\"667\" src=\"https:\/\/maviyansima.com\/wp-content\/uploads\/2025\/06\/2149334232-1.jpg\" class=\"attachment-full size-full wp-image-307\" alt=\"\" srcset=\"https:\/\/maviyansima.com\/wp-content\/uploads\/2025\/06\/2149334232-1.jpg 1000w, https:\/\/maviyansima.com\/wp-content\/uploads\/2025\/06\/2149334232-1-300x200.jpg 300w, https:\/\/maviyansima.com\/wp-content\/uploads\/2025\/06\/2149334232-1-768x512.jpg 768w\" sizes=\"(max-width: 1000px) 100vw, 1000px\" \/><\/div><\/a>\n\t\t\t\t<div class=\"elementor-post__text\">\n\t\t\t\t<h3 class=\"elementor-post__title\">\n\t\t\t<a href=\"https:\/\/maviyansima.com\/index.php\/2025\/06\/16\/yaz-aylarinda-kombi-kullanimi\/\" >\n\t\t\t\tYAZ AYLARINDA KOMB\u0130 KULLANIMI\t\t\t<\/a>\n\t\t<\/h3>\n\t\t\t\t<div class=\"elementor-post__excerpt\">\n\t\t\t<p>Enerji Tasarrufu ve Verimli Kullan\u0131m \u0130\u00e7in 7 \u00d6neri Kombi denildi\u011finde akla ilk olarak k\u0131\u015f aylar\u0131nda \u0131s\u0131nma ihtiyac\u0131m\u0131z\u0131 kar\u015f\u0131layan bir cihaz<\/p>\n\t\t<\/div>\n\t\t\n\t\t<a class=\"elementor-post__read-more\" href=\"https:\/\/maviyansima.com\/index.php\/2025\/06\/16\/yaz-aylarinda-kombi-kullanimi\/\" aria-label=\"Read more about YAZ AYLARINDA KOMB\u0130 KULLANIMI\" tabindex=\"-1\" >\n\t\t\tDaha Fazla \u00bb\t\t<\/a>\n\n\t\t\t\t<\/div>\n\t\t\t\t<div class=\"elementor-post__meta-data\">\n\t\t\t\t\t<span class=\"elementor-post-date\">\n\t\t\t16 Haziran 2025\t\t<\/span>\n\t\t\t\t<\/div>\n\t\t\t\t\t<\/div>\n\t\t<\/article>\n\t\t\t\t<article class=\"elementor-post elementor-grid-item post-264 post type-post status-publish format-standard has-post-thumbnail hentry category-genel\" role=\"listitem\">\n\t\t\t<div class=\"elementor-post__card\">\n\t\t\t\t<a class=\"elementor-post__thumbnail__link\" href=\"https:\/\/maviyansima.com\/index.php\/2025\/04\/21\/guvenli-dogal-gaz-kullanimi\/\" tabindex=\"-1\" ><div class=\"elementor-post__thumbnail\"><img decoding=\"async\" width=\"1000\" height=\"667\" src=\"https:\/\/maviyansima.com\/wp-content\/uploads\/2025\/04\/2149334227.jpg\" class=\"attachment-full size-full wp-image-265\" alt=\"\" srcset=\"https:\/\/maviyansima.com\/wp-content\/uploads\/2025\/04\/2149334227.jpg 1000w, https:\/\/maviyansima.com\/wp-content\/uploads\/2025\/04\/2149334227-300x200.jpg 300w, https:\/\/maviyansima.com\/wp-content\/uploads\/2025\/04\/2149334227-768x512.jpg 768w\" sizes=\"(max-width: 1000px) 100vw, 1000px\" \/><\/div><\/a>\n\t\t\t\t<div class=\"elementor-post__text\">\n\t\t\t\t<h3 class=\"elementor-post__title\">\n\t\t\t<a href=\"https:\/\/maviyansima.com\/index.php\/2025\/04\/21\/guvenli-dogal-gaz-kullanimi\/\" >\n\t\t\t\tG\u00fcvenli Do\u011fal Gaz Kullan\u0131m\u0131\t\t\t<\/a>\n\t\t<\/h3>\n\t\t\t\t<div class=\"elementor-post__excerpt\">\n\t\t\t<p>Do\u011fal gaz uzun y\u0131llard\u0131r evlerimizde kullan\u0131lan bir \u0131s\u0131nma arac\u0131 olup ayn\u0131 zamanda en g\u00fcvenli yak\u0131t t\u00fcrlerinden biri haline gelmi\u015ftir. Yine<\/p>\n\t\t<\/div>\n\t\t\n\t\t<a class=\"elementor-post__read-more\" href=\"https:\/\/maviyansima.com\/index.php\/2025\/04\/21\/guvenli-dogal-gaz-kullanimi\/\" aria-label=\"Read more about G\u00fcvenli Do\u011fal Gaz Kullan\u0131m\u0131\" tabindex=\"-1\" >\n\t\t\tDaha Fazla \u00bb\t\t<\/a>\n\n\t\t\t\t<\/div>\n\t\t\t\t<div class=\"elementor-post__meta-data\">\n\t\t\t\t\t<span class=\"elementor-post-date\">\n\t\t\t21 Nisan 2025\t\t<\/span>\n\t\t\t\t<\/div>\n\t\t\t\t\t<\/div>\n\t\t<\/article>\n\t\t\t\t<article class=\"elementor-post elementor-grid-item post-261 post type-post status-publish format-standard has-post-thumbnail hentry category-genel\" role=\"listitem\">\n\t\t\t<div class=\"elementor-post__card\">\n\t\t\t\t<a class=\"elementor-post__thumbnail__link\" href=\"https:\/\/maviyansima.com\/index.php\/2025\/04\/21\/daha-verimli-dogal-gaz-kullanimi-icin-ipuclari\/\" tabindex=\"-1\" ><div class=\"elementor-post__thumbnail\"><img decoding=\"async\" width=\"1000\" height=\"668\" src=\"https:\/\/maviyansima.com\/wp-content\/uploads\/2025\/04\/2150061813.jpg\" class=\"attachment-full size-full wp-image-262\" alt=\"\" srcset=\"https:\/\/maviyansima.com\/wp-content\/uploads\/2025\/04\/2150061813.jpg 1000w, https:\/\/maviyansima.com\/wp-content\/uploads\/2025\/04\/2150061813-300x200.jpg 300w, https:\/\/maviyansima.com\/wp-content\/uploads\/2025\/04\/2150061813-768x513.jpg 768w\" sizes=\"(max-width: 1000px) 100vw, 1000px\" \/><\/div><\/a>\n\t\t\t\t<div class=\"elementor-post__text\">\n\t\t\t\t<h3 class=\"elementor-post__title\">\n\t\t\t<a href=\"https:\/\/maviyansima.com\/index.php\/2025\/04\/21\/daha-verimli-dogal-gaz-kullanimi-icin-ipuclari\/\" >\n\t\t\t\tDaha Verimli Do\u011fal Gaz Kullan\u0131m\u0131 \u0130\u00e7in \u0130pu\u00e7lar\u0131\t\t\t<\/a>\n\t\t<\/h3>\n\t\t\t\t<div class=\"elementor-post__excerpt\">\n\t\t\t<p>K\u0131\u015f aylar\u0131 geldi\u011finde ilk akla gelen sorulardan bir tanesi \u201cdo\u011falgaz\u0131 nas\u0131l daha verimli kullanabiliriz\u201d oluyor. Yuvam\u0131z\u0131n s\u0131cakl\u0131\u011f\u0131ndan vazge\u00e7meden fatura tutar\u0131n\u0131<\/p>\n\t\t<\/div>\n\t\t\n\t\t<a class=\"elementor-post__read-more\" href=\"https:\/\/maviyansima.com\/index.php\/2025\/04\/21\/daha-verimli-dogal-gaz-kullanimi-icin-ipuclari\/\" aria-label=\"Read more about Daha Verimli Do\u011fal Gaz Kullan\u0131m\u0131 \u0130\u00e7in \u0130pu\u00e7lar\u0131\" tabindex=\"-1\" >\n\t\t\tDaha Fazla \u00bb\t\t<\/a>\n\n\t\t\t\t<\/div>\n\t\t\t\t<div class=\"elementor-post__meta-data\">\n\t\t\t\t\t<span class=\"elementor-post-date\">\n\t\t\t21 Nisan 2025\t\t<\/span>\n\t\t\t\t<\/div>\n\t\t\t\t\t<\/div>\n\t\t<\/article>\n\t\t\t\t<\/div>\n\t\t\n\t\t\t\t\t\t<\/div>\n\t\t\t\t<\/div>\n\t\t\t\t\t<\/div>\n\t\t<\/div>\n\t\t\t\t\t<\/div>\n\t\t<\/section>\n\t\t\t\t<section class=\"elementor-section elementor-top-section elementor-element elementor-element-4627206 elementor-section-boxed elementor-section-height-default elementor-section-height-default\" data-id=\"4627206\" data-element_type=\"section\" data-settings=\"{&quot;background_background&quot;:&quot;classic&quot;}\">\n\t\t\t\t\t\t\t<div class=\"elementor-background-overlay\"><\/div>\n\t\t\t\t\t\t\t<div class=\"elementor-container elementor-column-gap-default\">\n\t\t\t\t\t<div class=\"elementor-column elementor-col-33 elementor-top-column elementor-element elementor-element-2c64560\" data-id=\"2c64560\" data-element_type=\"column\">\n\t\t\t<div class=\"elementor-widget-wrap elementor-element-populated\">\n\t\t\t\t\t\t<div class=\"elementor-element elementor-element-27c4bc9 elementor-widget__width-initial elementor-view-default elementor-widget elementor-widget-icon\" data-id=\"27c4bc9\" data-element_type=\"widget\" data-widget_type=\"icon.default\">\n\t\t\t\t<div class=\"elementor-widget-container\">\n\t\t\t\t\t\t\t<div class=\"elementor-icon-wrapper\">\n\t\t\t<div class=\"elementor-icon\">\n\t\t\t<i aria-hidden=\"true\" class=\"icon icon-hand_shake\"><\/i>\t\t\t<\/div>\n\t\t<\/div>\n\t\t\t\t\t\t<\/div>\n\t\t\t\t<\/div>\n\t\t\t\t<div class=\"elementor-element elementor-element-e5aef1d elementor-widget__width-initial elementor-widget elementor-widget-elementskit-funfact\" data-id=\"e5aef1d\" data-element_type=\"widget\" data-widget_type=\"elementskit-funfact.default\">\n\t\t\t\t<div class=\"elementor-widget-container\">\n\t\t\t\t\t<div class=\"ekit-wid-con\" >\n\t\t<div class=\"elementskit-funfact text-left     \">\n\t\t\t\n\t\t\t<div class=\"elementskit-funfact-inner \">\n\t\t\t\t\t\t\t\t\n\t\t\t\t<div class=\"funfact-content\">\n\t\t\t\t\t<div class=\"number-percentage-wraper\">\n\t\t\t\t\t\t\t\t\t\t\t\t<span class=\"number-percentage\"\n\t\t\t\t\t\t      data-value=\"1000\"\n\t\t\t\t\t\t      data-animation-duration=\"3500\"\n\t\t\t\t\t\t\t  data-style=\"static\">0<\/span>\n\t\t\t\t\t\t\t\t\t\t\t\t\t\t\t\t\t\t\t<span class=\"super\">+<\/span>\n\t\t\t\t\t\t\t\t\t\t\t<\/div>\n\n\t\t\t\t\t<p class=\"funfact-title\">Proje<\/p>\t\t\t\t\t\t\t\t<\/div>\n\t\t<\/div>\n\t\t<\/div>\n\n\n\t\t<\/div>\t\t\t\t<\/div>\n\t\t\t\t<\/div>\n\t\t\t\t\t<\/div>\n\t\t<\/div>\n\t\t\t\t<div class=\"elementor-column elementor-col-33 elementor-top-column elementor-element elementor-element-358641e\" data-id=\"358641e\" data-element_type=\"column\">\n\t\t\t<div class=\"elementor-widget-wrap elementor-element-populated\">\n\t\t\t\t\t\t<div class=\"elementor-element elementor-element-1bf1699 elementor-widget__width-initial elementor-view-default elementor-widget elementor-widget-icon\" data-id=\"1bf1699\" data-element_type=\"widget\" data-widget_type=\"icon.default\">\n\t\t\t\t<div class=\"elementor-widget-container\">\n\t\t\t\t\t\t\t<div class=\"elementor-icon-wrapper\">\n\t\t\t<div class=\"elementor-icon\">\n\t\t\t<i aria-hidden=\"true\" class=\"icon icon-communication\"><\/i>\t\t\t<\/div>\n\t\t<\/div>\n\t\t\t\t\t\t<\/div>\n\t\t\t\t<\/div>\n\t\t\t\t<div class=\"elementor-element elementor-element-b8665f2 elementor-widget__width-initial elementor-widget elementor-widget-elementskit-funfact\" data-id=\"b8665f2\" data-element_type=\"widget\" data-widget_type=\"elementskit-funfact.default\">\n\t\t\t\t<div class=\"elementor-widget-container\">\n\t\t\t\t\t<div class=\"ekit-wid-con\" >\n\t\t<div class=\"elementskit-funfact text-left     \">\n\t\t\t\n\t\t\t<div class=\"elementskit-funfact-inner \">\n\t\t\t\t\t\t\t\t\n\t\t\t\t<div class=\"funfact-content\">\n\t\t\t\t\t<div class=\"number-percentage-wraper\">\n\t\t\t\t\t\t\t\t\t\t\t\t<span class=\"number-percentage\"\n\t\t\t\t\t\t      data-value=\"20\"\n\t\t\t\t\t\t      data-animation-duration=\"3500\"\n\t\t\t\t\t\t\t  data-style=\"static\">0<\/span>\n\t\t\t\t\t\t\t\t\t\t\t\t\t\t\t\t\t\t\t<span class=\"super\">+<\/span>\n\t\t\t\t\t\t\t\t\t\t\t<\/div>\n\n\t\t\t\t\t<p class=\"funfact-title\">Profesyonel \u00c7al\u0131\u015fan<\/p>\t\t\t\t\t\t\t\t<\/div>\n\t\t<\/div>\n\t\t<\/div>\n\n\n\t\t<\/div>\t\t\t\t<\/div>\n\t\t\t\t<\/div>\n\t\t\t\t\t<\/div>\n\t\t<\/div>\n\t\t\t\t<div class=\"elementor-column elementor-col-33 elementor-top-column elementor-element elementor-element-d313aae\" data-id=\"d313aae\" data-element_type=\"column\">\n\t\t\t<div class=\"elementor-widget-wrap elementor-element-populated\">\n\t\t\t\t\t\t<div class=\"elementor-element elementor-element-6e1cc80 elementor-widget__width-initial elementor-view-default elementor-widget elementor-widget-icon\" data-id=\"6e1cc80\" data-element_type=\"widget\" data-widget_type=\"icon.default\">\n\t\t\t\t<div class=\"elementor-widget-container\">\n\t\t\t\t\t\t\t<div class=\"elementor-icon-wrapper\">\n\t\t\t<div class=\"elementor-icon\">\n\t\t\t<i aria-hidden=\"true\" class=\"icon icon-Mechanic\"><\/i>\t\t\t<\/div>\n\t\t<\/div>\n\t\t\t\t\t\t<\/div>\n\t\t\t\t<\/div>\n\t\t\t\t<div class=\"elementor-element elementor-element-0564fd7 elementor-widget__width-initial elementor-widget elementor-widget-elementskit-funfact\" data-id=\"0564fd7\" data-element_type=\"widget\" data-widget_type=\"elementskit-funfact.default\">\n\t\t\t\t<div class=\"elementor-widget-container\">\n\t\t\t\t\t<div class=\"ekit-wid-con\" >\n\t\t<div class=\"elementskit-funfact text-left     \">\n\t\t\t\n\t\t\t<div class=\"elementskit-funfact-inner \">\n\t\t\t\t\t\t\t\t\n\t\t\t\t<div class=\"funfact-content\">\n\t\t\t\t\t<div class=\"number-percentage-wraper\">\n\t\t\t\t\t\t\t\t\t\t\t\t<span class=\"number-percentage\"\n\t\t\t\t\t\t      data-value=\"600\"\n\t\t\t\t\t\t      data-animation-duration=\"3500\"\n\t\t\t\t\t\t\t  data-style=\"static\">0<\/span>\n\t\t\t\t\t\t\t\t\t\t\t\t\t\t\t\t\t\t\t<span class=\"super\">+<\/span>\n\t\t\t\t\t\t\t\t\t\t\t<\/div>\n\n\t\t\t\t\t<p class=\"funfact-title\">\u015eirket Projeleri<\/p>\t\t\t\t\t\t\t\t<\/div>\n\t\t<\/div>\n\t\t<\/div>\n\n\n\t\t<\/div>\t\t\t\t<\/div>\n\t\t\t\t<\/div>\n\t\t\t\t\t<\/div>\n\t\t<\/div>\n\t\t\t\t\t<\/div>\n\t\t<\/section>\n\t\t\t\t<\/div>\n\t\t","protected":false},"excerpt":{"rendered":"<p>Blog Anasayfa\/ Blog 0 + Proje 0 + Profesyonel \u00c7al\u0131\u015fan 0 + \u015eirket Projeleri<\/p>\n","protected":false},"author":1,"featured_media":0,"parent":0,"menu_order":0,"comment_status":"closed","ping_status":"closed","template":"elementor_header_footer","meta":{"_joinchat":[],"footnotes":""},"class_list":["post-266","page","type-page","status-publish","hentry"],"_links":{"self":[{"href":"https:\/\/maviyansima.com\/index.php\/wp-json\/wp\/v2\/pages\/266","targetHints":{"allow":["GET"]}}],"collection":[{"href":"https:\/\/maviyansima.com\/index.php\/wp-json\/wp\/v2\/pages"}],"about":[{"href":"https:\/\/maviyansima.com\/index.php\/wp-json\/wp\/v2\/types\/page"}],"author":[{"embeddable":true,"href":"https:\/\/maviyansima.com\/index.php\/wp-json\/wp\/v2\/users\/1"}],"replies":[{"embeddable":true,"href":"https:\/\/maviyansima.com\/index.php\/wp-json\/wp\/v2\/comments?post=266"}],"version-history":[{"count":13,"href":"https:\/\/maviyansima.com\/index.php\/wp-json\/wp\/v2\/pages\/266\/revisions"}],"predecessor-version":[{"id":287,"href":"https:\/\/maviyansima.com\/index.php\/wp-json\/wp\/v2\/pages\/266\/revisions\/287"}],"wp:attachment":[{"href":"https:\/\/maviyansima.com\/index.php\/wp-json\/wp\/v2\/media?parent=266"}],"curies":[{"name":"wp","href":"https:\/\/api.w.org\/{rel}","templated":true}]}}