{"id":67,"date":"2025-01-21T14:47:58","date_gmt":"2025-01-21T11:47:58","guid":{"rendered":"https:\/\/maviyansima.com\/?page_id=67"},"modified":"2025-04-30T11:51:52","modified_gmt":"2025-04-30T08:51:52","slug":"hakkimizda","status":"publish","type":"page","link":"https:\/\/maviyansima.com\/index.php\/hakkimizda\/","title":{"rendered":"Hakk\u0131m\u0131zda"},"content":{"rendered":"\t\t<div data-elementor-type=\"wp-page\" data-elementor-id=\"67\" class=\"elementor elementor-67\" data-elementor-post-type=\"page\">\n\t\t\t\t\t\t<section class=\"elementor-section elementor-top-section elementor-element elementor-element-15881b42 elementor-section-height-min-height elementor-section-items-stretch elementor-section-content-middle elementor-section-boxed elementor-section-height-default\" data-id=\"15881b42\" data-element_type=\"section\" data-settings=\"{&quot;background_background&quot;:&quot;classic&quot;}\">\n\t\t\t\t\t\t\t<div class=\"elementor-background-overlay\"><\/div>\n\t\t\t\t\t\t\t<div class=\"elementor-container elementor-column-gap-default\">\n\t\t\t\t\t<div class=\"elementor-column elementor-col-100 elementor-top-column elementor-element elementor-element-6de6f920\" data-id=\"6de6f920\" data-element_type=\"column\">\n\t\t\t<div class=\"elementor-widget-wrap elementor-element-populated\">\n\t\t\t\t\t\t<div class=\"elementor-element elementor-element-1ecf1745 elementor-widget elementor-widget-heading\" data-id=\"1ecf1745\" data-element_type=\"widget\" data-widget_type=\"heading.default\">\n\t\t\t\t<div class=\"elementor-widget-container\">\n\t\t\t\t\t<h2 class=\"elementor-heading-title elementor-size-default\">Hakk\u0131m\u0131zda<\/h2>\t\t\t\t<\/div>\n\t\t\t\t<\/div>\n\t\t\t\t<div class=\"elementor-element elementor-element-216a18e1 elementor-widget elementor-widget-text-editor\" data-id=\"216a18e1\" data-element_type=\"widget\" data-widget_type=\"text-editor.default\">\n\t\t\t\t<div class=\"elementor-widget-container\">\n\t\t\t\t\t\t\t\t\t<p><a href=\"https:\/\/maviyansima.com\/\">Anasayfa<\/a>\/ About Us<\/p>\t\t\t\t\t\t\t\t<\/div>\n\t\t\t\t<\/div>\n\t\t\t\t\t<\/div>\n\t\t<\/div>\n\t\t\t\t\t<\/div>\n\t\t<\/section>\n\t\t\t\t<section class=\"elementor-section elementor-top-section elementor-element elementor-element-31ddfff elementor-section-boxed elementor-section-height-default elementor-section-height-default\" data-id=\"31ddfff\" data-element_type=\"section\">\n\t\t\t\t\t\t<div class=\"elementor-container elementor-column-gap-default\">\n\t\t\t\t\t<div class=\"elementor-column elementor-col-50 elementor-top-column elementor-element elementor-element-b5798eb\" data-id=\"b5798eb\" data-element_type=\"column\">\n\t\t\t<div class=\"elementor-widget-wrap elementor-element-populated\">\n\t\t\t\t\t\t<div class=\"elementor-element elementor-element-672a1031 elementor-widget elementor-widget-image\" data-id=\"672a1031\" data-element_type=\"widget\" data-widget_type=\"image.default\">\n\t\t\t\t<div class=\"elementor-widget-container\">\n\t\t\t\t\t\t\t\t\t\t\t\t\t\t\t<img fetchpriority=\"high\" decoding=\"async\" width=\"1000\" height=\"667\" src=\"https:\/\/maviyansima.com\/wp-content\/uploads\/2025\/01\/148708.jpg\" class=\"attachment-full size-full wp-image-189\" alt=\"\" srcset=\"https:\/\/maviyansima.com\/wp-content\/uploads\/2025\/01\/148708.jpg 1000w, https:\/\/maviyansima.com\/wp-content\/uploads\/2025\/01\/148708-300x200.jpg 300w, https:\/\/maviyansima.com\/wp-content\/uploads\/2025\/01\/148708-768x512.jpg 768w\" sizes=\"(max-width: 1000px) 100vw, 1000px\" \/>\t\t\t\t\t\t\t\t\t\t\t\t\t\t\t<\/div>\n\t\t\t\t<\/div>\n\t\t\t\t\t<\/div>\n\t\t<\/div>\n\t\t\t\t<div class=\"elementor-column elementor-col-50 elementor-top-column elementor-element elementor-element-1ac0b3fc\" data-id=\"1ac0b3fc\" data-element_type=\"column\">\n\t\t\t<div class=\"elementor-widget-wrap elementor-element-populated\">\n\t\t\t\t\t\t<div class=\"elementor-element elementor-element-7be1a997 elementor-widget elementor-widget-heading\" data-id=\"7be1a997\" data-element_type=\"widget\" data-widget_type=\"heading.default\">\n\t\t\t\t<div class=\"elementor-widget-container\">\n\t\t\t\t\t<h2 class=\"elementor-heading-title elementor-size-default\">Mavi Yans\u0131ma<\/h2>\t\t\t\t<\/div>\n\t\t\t\t<\/div>\n\t\t\t\t<div class=\"elementor-element elementor-element-5af9f3d6 elementor-widget elementor-widget-heading\" data-id=\"5af9f3d6\" data-element_type=\"widget\" data-widget_type=\"heading.default\">\n\t\t\t\t<div class=\"elementor-widget-container\">\n\t\t\t\t\t<h3 class=\"elementor-heading-title elementor-size-default\">Biz Kimiz?<\/h3>\t\t\t\t<\/div>\n\t\t\t\t<\/div>\n\t\t\t\t<div class=\"elementor-element elementor-element-15bf3e66 elementor-widget elementor-widget-text-editor\" data-id=\"15bf3e66\" data-element_type=\"widget\" data-widget_type=\"text-editor.default\">\n\t\t\t\t<div class=\"elementor-widget-container\">\n\t\t\t\t\t\t\t\t\t<p>Mavi Yans\u0131ma olarak, bireysel konutlara do\u011falgaz sistemleri kurgulamak amac\u0131yla kurulduk ve bir s\u00fcre sonra Pal M\u00fchendislik \u015firketler grubuna kat\u0131ld\u0131k. Pal M\u00fchendislik b\u00fcnyesine kat\u0131lmam\u0131z ile birlikte sekt\u00f6rde edinmi\u015f oldu\u011fumuz tecr\u00fcbeyi daha g\u00fc\u00e7l\u00fc m\u00fchendislik becerileriyle birle\u015ftirerek g\u00fcc\u00fcm\u00fcze g\u00fc\u00e7 katt\u0131k.<\/p>\t\t\t\t\t\t\t\t<\/div>\n\t\t\t\t<\/div>\n\t\t\t\t\t<\/div>\n\t\t<\/div>\n\t\t\t\t\t<\/div>\n\t\t<\/section>\n\t\t<div class=\"elementor-element elementor-element-8432dd0 e-flex e-con-boxed e-con e-parent\" data-id=\"8432dd0\" data-element_type=\"container\">\n\t\t\t\t\t<div class=\"e-con-inner\">\n\t\t\t\t<div class=\"elementor-element elementor-element-6010f59 elementor-widget elementor-widget-text-editor\" data-id=\"6010f59\" data-element_type=\"widget\" data-widget_type=\"text-editor.default\">\n\t\t\t\t<div class=\"elementor-widget-container\">\n\t\t\t\t\t\t\t\t\t<p>Evlerin s\u0131cakl\u0131\u011f\u0131n\u0131 yaln\u0131zca dereceyle de\u011fil, g\u00fcven konfor ve huzurla \u00f6l\u00e7\u00fcyoruz. Do\u011falgaz tesisat\u0131, kombi montaj\u0131 ve \u0131s\u0131tma sistemleri alan\u0131nda sundu\u011fumuz \u00e7\u00f6z\u00fcmlerle, her ailenin g\u00fcvenli, verimli ve ekonomik enerjiye eri\u015fmesini sa\u011fl\u0131yoruz. Amac\u0131m\u0131z; s\u00fcrd\u00fcr\u00fclebilir teknolojilerle hem bireysel konforu artt\u0131rmak\u00a0hem de enerji tasarrufunu te\u015fvik ederek \u00e7evresel sorumlulu\u011fumuzu yerine getirmektir.Evlerin kalbi olan \u0131s\u0131tma sistemlerini g\u00fcvenle kurarken toplumun temel yap\u0131 ta\u015f\u0131 olan ailelerin ya\u015fam kalitesini y\u00fckseltmeye katk\u0131 sa\u011flamak istiyoruz.<\/p>\t\t\t\t\t\t\t\t<\/div>\n\t\t\t\t<\/div>\n\t\t\t\t\t<\/div>\n\t\t\t\t<\/div>\n\t\t\t\t<section class=\"elementor-section elementor-top-section elementor-element elementor-element-100c1069 elementor-section-boxed elementor-section-height-default elementor-section-height-default\" data-id=\"100c1069\" data-element_type=\"section\">\n\t\t\t\t\t\t<div class=\"elementor-container elementor-column-gap-default\">\n\t\t\t\t\t<div class=\"elementor-column elementor-col-100 elementor-top-column elementor-element elementor-element-e068321\" data-id=\"e068321\" data-element_type=\"column\">\n\t\t\t<div class=\"elementor-widget-wrap elementor-element-populated\">\n\t\t\t\t\t\t<section class=\"elementor-section elementor-inner-section elementor-element elementor-element-30b05d2d elementor-section-boxed elementor-section-height-default elementor-section-height-default\" data-id=\"30b05d2d\" data-element_type=\"section\">\n\t\t\t\t\t\t<div class=\"elementor-container elementor-column-gap-default\">\n\t\t\t\t\t<div class=\"elementor-column elementor-col-50 elementor-inner-column elementor-element elementor-element-1d2c7fb3\" data-id=\"1d2c7fb3\" data-element_type=\"column\">\n\t\t\t<div class=\"elementor-widget-wrap elementor-element-populated\">\n\t\t\t\t\t\t<div class=\"elementor-element elementor-element-af4e41d elementor-view-default elementor-position-top elementor-mobile-position-top elementor-widget elementor-widget-icon-box\" data-id=\"af4e41d\" data-element_type=\"widget\" data-widget_type=\"icon-box.default\">\n\t\t\t\t<div class=\"elementor-widget-container\">\n\t\t\t\t\t\t\t<div class=\"elementor-icon-box-wrapper\">\n\n\t\t\t\t\t\t<div class=\"elementor-icon-box-icon\">\n\t\t\t\t<span  class=\"elementor-icon\">\n\t\t\t\t<svg aria-hidden=\"true\" class=\"e-font-icon-svg e-fas-star\" viewBox=\"0 0 576 512\" xmlns=\"http:\/\/www.w3.org\/2000\/svg\"><path d=\"M259.3 17.8L194 150.2 47.9 171.5c-26.2 3.8-36.7 36.1-17.7 54.6l105.7 103-25 145.5c-4.5 26.3 23.2 46 46.4 33.7L288 439.6l130.7 68.7c23.2 12.2 50.9-7.4 46.4-33.7l-25-145.5 105.7-103c19-18.5 8.5-50.8-17.7-54.6L382 150.2 316.7 17.8c-11.7-23.6-45.6-23.9-57.4 0z\"><\/path><\/svg>\t\t\t\t<\/span>\n\t\t\t<\/div>\n\t\t\t\n\t\t\t\t\t\t<div class=\"elementor-icon-box-content\">\n\n\t\t\t\t\t\t\t\t\t<h3 class=\"elementor-icon-box-title\">\n\t\t\t\t\t\t<span  >\n\t\t\t\t\t\t\tMisyonumuz\t\t\t\t\t\t<\/span>\n\t\t\t\t\t<\/h3>\n\t\t\t\t\n\t\t\t\t\t\t\t\t\t<p class=\"elementor-icon-box-description\">\n\t\t\t\t\t\tAilelerin\u00a0ya\u015fam alanlar\u0131na g\u00fcvenli, tasarruflu ve \u00e7evre dostu \u0131s\u0131tma \u00e7\u00f6z\u00fcmleri sunmak. Ev konforunu artt\u0131r\u0131rken, s\u00fcrd\u00fcr\u00fclebilirli\u011fe\u00a0katk\u0131 sa\u011flamak ve her bireyin ya\u015fam kalitesini y\u00fckseltmek i\u00e7in \u00e7al\u0131\u015fmak.\u00a0\t\t\t\t\t<\/p>\n\t\t\t\t\n\t\t\t<\/div>\n\t\t\t\n\t\t<\/div>\n\t\t\t\t\t\t<\/div>\n\t\t\t\t<\/div>\n\t\t\t\t\t<\/div>\n\t\t<\/div>\n\t\t\t\t<div class=\"elementor-column elementor-col-50 elementor-inner-column elementor-element elementor-element-5af9a483\" data-id=\"5af9a483\" data-element_type=\"column\">\n\t\t\t<div class=\"elementor-widget-wrap elementor-element-populated\">\n\t\t\t\t\t\t<div class=\"elementor-element elementor-element-fe6e4ca elementor-view-default elementor-position-top elementor-mobile-position-top elementor-widget elementor-widget-icon-box\" data-id=\"fe6e4ca\" data-element_type=\"widget\" data-widget_type=\"icon-box.default\">\n\t\t\t\t<div class=\"elementor-widget-container\">\n\t\t\t\t\t\t\t<div class=\"elementor-icon-box-wrapper\">\n\n\t\t\t\t\t\t<div class=\"elementor-icon-box-icon\">\n\t\t\t\t<span  class=\"elementor-icon\">\n\t\t\t\t<i aria-hidden=\"true\" class=\"icon icon-graph-2\"><\/i>\t\t\t\t<\/span>\n\t\t\t<\/div>\n\t\t\t\n\t\t\t\t\t\t<div class=\"elementor-icon-box-content\">\n\n\t\t\t\t\t\t\t\t\t<h3 class=\"elementor-icon-box-title\">\n\t\t\t\t\t\t<span  >\n\t\t\t\t\t\t\tVizyonumuz\t\t\t\t\t\t<\/span>\n\t\t\t\t\t<\/h3>\n\t\t\t\t\n\t\t\t\t\t\t\t\t\t<p class=\"elementor-icon-box-description\">\n\t\t\t\t\t\tEvlerde sa\u011flanan bireysel konforun, toplumsal g\u00fcce d\u00f6n\u00fc\u015ft\u00fc\u011f\u00fcne inan\u0131yoruz.\u00a0 S\u00fcrd\u00fcr\u00fclebilir yenilik\u00e7i ve eri\u015filebilir \u0131s\u0131tma sistemleriyle, her aileye s\u0131cak ve g\u00fcvenli bir gelecek sunmak istiyoruz.\u00a0\t\t\t\t\t<\/p>\n\t\t\t\t\n\t\t\t<\/div>\n\t\t\t\n\t\t<\/div>\n\t\t\t\t\t\t<\/div>\n\t\t\t\t<\/div>\n\t\t\t\t\t<\/div>\n\t\t<\/div>\n\t\t\t\t\t<\/div>\n\t\t<\/section>\n\t\t\t\t\t<\/div>\n\t\t<\/div>\n\t\t\t\t\t<\/div>\n\t\t<\/section>\n\t\t\t\t<section class=\"elementor-section elementor-top-section elementor-element elementor-element-6116ca8 elementor-section-boxed elementor-section-height-default elementor-section-height-default\" data-id=\"6116ca8\" data-element_type=\"section\" data-settings=\"{&quot;background_background&quot;:&quot;classic&quot;}\">\n\t\t\t\t\t\t\t<div class=\"elementor-background-overlay\"><\/div>\n\t\t\t\t\t\t\t<div class=\"elementor-container elementor-column-gap-default\">\n\t\t\t\t\t<div class=\"elementor-column elementor-col-33 elementor-top-column elementor-element elementor-element-cc1438f\" data-id=\"cc1438f\" data-element_type=\"column\">\n\t\t\t<div class=\"elementor-widget-wrap elementor-element-populated\">\n\t\t\t\t\t\t<div class=\"elementor-element elementor-element-7597f9b elementor-widget__width-initial elementor-view-default elementor-widget elementor-widget-icon\" data-id=\"7597f9b\" data-element_type=\"widget\" data-widget_type=\"icon.default\">\n\t\t\t\t<div class=\"elementor-widget-container\">\n\t\t\t\t\t\t\t<div class=\"elementor-icon-wrapper\">\n\t\t\t<div class=\"elementor-icon\">\n\t\t\t<i aria-hidden=\"true\" class=\"icon icon-hand_shake\"><\/i>\t\t\t<\/div>\n\t\t<\/div>\n\t\t\t\t\t\t<\/div>\n\t\t\t\t<\/div>\n\t\t\t\t<div class=\"elementor-element elementor-element-ec2d92a elementor-widget__width-initial elementor-widget elementor-widget-elementskit-funfact\" data-id=\"ec2d92a\" data-element_type=\"widget\" data-widget_type=\"elementskit-funfact.default\">\n\t\t\t\t<div class=\"elementor-widget-container\">\n\t\t\t\t\t<div class=\"ekit-wid-con\" >\n\t\t<div class=\"elementskit-funfact text-left     \">\n\t\t\t\n\t\t\t<div class=\"elementskit-funfact-inner \">\n\t\t\t\t\t\t\t\t\n\t\t\t\t<div class=\"funfact-content\">\n\t\t\t\t\t<div class=\"number-percentage-wraper\">\n\t\t\t\t\t\t\t\t\t\t\t\t<span class=\"number-percentage\"\n\t\t\t\t\t\t      data-value=\"1000\"\n\t\t\t\t\t\t      data-animation-duration=\"3500\"\n\t\t\t\t\t\t\t  data-style=\"static\">0<\/span>\n\t\t\t\t\t\t\t\t\t\t\t\t\t\t\t\t\t\t\t<span class=\"super\">+<\/span>\n\t\t\t\t\t\t\t\t\t\t\t<\/div>\n\n\t\t\t\t\t<p class=\"funfact-title\">Proje<\/p>\t\t\t\t\t\t\t\t<\/div>\n\t\t<\/div>\n\t\t<\/div>\n\n\n\t\t<\/div>\t\t\t\t<\/div>\n\t\t\t\t<\/div>\n\t\t\t\t\t<\/div>\n\t\t<\/div>\n\t\t\t\t<div class=\"elementor-column elementor-col-33 elementor-top-column elementor-element elementor-element-e403b8f\" data-id=\"e403b8f\" data-element_type=\"column\">\n\t\t\t<div class=\"elementor-widget-wrap elementor-element-populated\">\n\t\t\t\t\t\t<div class=\"elementor-element elementor-element-62a5d6d elementor-widget__width-initial elementor-view-default elementor-widget elementor-widget-icon\" data-id=\"62a5d6d\" data-element_type=\"widget\" data-widget_type=\"icon.default\">\n\t\t\t\t<div class=\"elementor-widget-container\">\n\t\t\t\t\t\t\t<div class=\"elementor-icon-wrapper\">\n\t\t\t<div class=\"elementor-icon\">\n\t\t\t<i aria-hidden=\"true\" class=\"icon icon-communication\"><\/i>\t\t\t<\/div>\n\t\t<\/div>\n\t\t\t\t\t\t<\/div>\n\t\t\t\t<\/div>\n\t\t\t\t<div class=\"elementor-element elementor-element-3462e96 elementor-widget__width-initial elementor-widget elementor-widget-elementskit-funfact\" data-id=\"3462e96\" data-element_type=\"widget\" data-widget_type=\"elementskit-funfact.default\">\n\t\t\t\t<div class=\"elementor-widget-container\">\n\t\t\t\t\t<div class=\"ekit-wid-con\" >\n\t\t<div class=\"elementskit-funfact text-left     \">\n\t\t\t\n\t\t\t<div class=\"elementskit-funfact-inner \">\n\t\t\t\t\t\t\t\t\n\t\t\t\t<div class=\"funfact-content\">\n\t\t\t\t\t<div class=\"number-percentage-wraper\">\n\t\t\t\t\t\t\t\t\t\t\t\t<span class=\"number-percentage\"\n\t\t\t\t\t\t      data-value=\"20\"\n\t\t\t\t\t\t      data-animation-duration=\"3500\"\n\t\t\t\t\t\t\t  data-style=\"static\">0<\/span>\n\t\t\t\t\t\t\t\t\t\t\t\t\t\t\t\t\t\t\t<span class=\"super\">+<\/span>\n\t\t\t\t\t\t\t\t\t\t\t<\/div>\n\n\t\t\t\t\t<p class=\"funfact-title\">Profesyonel \u00c7al\u0131\u015fan<\/p>\t\t\t\t\t\t\t\t<\/div>\n\t\t<\/div>\n\t\t<\/div>\n\n\n\t\t<\/div>\t\t\t\t<\/div>\n\t\t\t\t<\/div>\n\t\t\t\t\t<\/div>\n\t\t<\/div>\n\t\t\t\t<div class=\"elementor-column elementor-col-33 elementor-top-column elementor-element elementor-element-3bb282d\" data-id=\"3bb282d\" data-element_type=\"column\">\n\t\t\t<div class=\"elementor-widget-wrap elementor-element-populated\">\n\t\t\t\t\t\t<div class=\"elementor-element elementor-element-3bfd786 elementor-widget__width-initial elementor-view-default elementor-widget elementor-widget-icon\" data-id=\"3bfd786\" data-element_type=\"widget\" data-widget_type=\"icon.default\">\n\t\t\t\t<div class=\"elementor-widget-container\">\n\t\t\t\t\t\t\t<div class=\"elementor-icon-wrapper\">\n\t\t\t<div class=\"elementor-icon\">\n\t\t\t<i aria-hidden=\"true\" class=\"icon icon-Mechanic\"><\/i>\t\t\t<\/div>\n\t\t<\/div>\n\t\t\t\t\t\t<\/div>\n\t\t\t\t<\/div>\n\t\t\t\t<div class=\"elementor-element elementor-element-a2ab897 elementor-widget__width-initial elementor-widget elementor-widget-elementskit-funfact\" data-id=\"a2ab897\" data-element_type=\"widget\" data-widget_type=\"elementskit-funfact.default\">\n\t\t\t\t<div class=\"elementor-widget-container\">\n\t\t\t\t\t<div class=\"ekit-wid-con\" >\n\t\t<div class=\"elementskit-funfact text-left     \">\n\t\t\t\n\t\t\t<div class=\"elementskit-funfact-inner \">\n\t\t\t\t\t\t\t\t\n\t\t\t\t<div class=\"funfact-content\">\n\t\t\t\t\t<div class=\"number-percentage-wraper\">\n\t\t\t\t\t\t\t\t\t\t\t\t<span class=\"number-percentage\"\n\t\t\t\t\t\t      data-value=\"600\"\n\t\t\t\t\t\t      data-animation-duration=\"3500\"\n\t\t\t\t\t\t\t  data-style=\"static\">0<\/span>\n\t\t\t\t\t\t\t\t\t\t\t\t\t\t\t\t\t\t\t<span class=\"super\">+<\/span>\n\t\t\t\t\t\t\t\t\t\t\t<\/div>\n\n\t\t\t\t\t<p class=\"funfact-title\">\u015eirket Projeleri<\/p>\t\t\t\t\t\t\t\t<\/div>\n\t\t<\/div>\n\t\t<\/div>\n\n\n\t\t<\/div>\t\t\t\t<\/div>\n\t\t\t\t<\/div>\n\t\t\t\t\t<\/div>\n\t\t<\/div>\n\t\t\t\t\t<\/div>\n\t\t<\/section>\n\t\t\t\t<\/div>\n\t\t","protected":false},"excerpt":{"rendered":"<p>Hakk\u0131m\u0131zda Anasayfa\/ About Us Mavi Yans\u0131ma Biz Kimiz? Mavi Yans\u0131ma olarak, bireysel konutlara do\u011falgaz sistemleri kurgulamak amac\u0131yla kurulduk ve bir s\u00fcre sonra Pal M\u00fchendislik \u015firketler grubuna kat\u0131ld\u0131k. Pal M\u00fchendislik b\u00fcnyesine kat\u0131lmam\u0131z ile birlikte sekt\u00f6rde edinmi\u015f oldu\u011fumuz tecr\u00fcbeyi daha g\u00fc\u00e7l\u00fc m\u00fchendislik becerileriyle birle\u015ftirerek g\u00fcc\u00fcm\u00fcze g\u00fc\u00e7 katt\u0131k. Evlerin s\u0131cakl\u0131\u011f\u0131n\u0131 yaln\u0131zca dereceyle de\u011fil, g\u00fcven konfor ve huzurla \u00f6l\u00e7\u00fcyoruz. [&hellip;]<\/p>\n","protected":false},"author":1,"featured_media":0,"parent":0,"menu_order":0,"comment_status":"closed","ping_status":"closed","template":"elementor_header_footer","meta":{"_joinchat":[],"footnotes":""},"class_list":["post-67","page","type-page","status-publish","hentry"],"_links":{"self":[{"href":"https:\/\/maviyansima.com\/index.php\/wp-json\/wp\/v2\/pages\/67","targetHints":{"allow":["GET"]}}],"collection":[{"href":"https:\/\/maviyansima.com\/index.php\/wp-json\/wp\/v2\/pages"}],"about":[{"href":"https:\/\/maviyansima.com\/index.php\/wp-json\/wp\/v2\/types\/page"}],"author":[{"embeddable":true,"href":"https:\/\/maviyansima.com\/index.php\/wp-json\/wp\/v2\/users\/1"}],"replies":[{"embeddable":true,"href":"https:\/\/maviyansima.com\/index.php\/wp-json\/wp\/v2\/comments?post=67"}],"version-history":[{"count":22,"href":"https:\/\/maviyansima.com\/index.php\/wp-json\/wp\/v2\/pages\/67\/revisions"}],"predecessor-version":[{"id":297,"href":"https:\/\/maviyansima.com\/index.php\/wp-json\/wp\/v2\/pages\/67\/revisions\/297"}],"wp:attachment":[{"href":"https:\/\/maviyansima.com\/index.php\/wp-json\/wp\/v2\/media?parent=67"}],"curies":[{"name":"wp","href":"https:\/\/api.w.org\/{rel}","templated":true}]}}