{"id":82,"date":"2025-01-21T14:51:52","date_gmt":"2025-01-21T11:51:52","guid":{"rendered":"https:\/\/maviyansima.com\/?page_id=82"},"modified":"2025-01-21T17:57:23","modified_gmt":"2025-01-21T14:57:23","slug":"dogalgaz-tesisati","status":"publish","type":"page","link":"https:\/\/maviyansima.com\/index.php\/dogalgaz-tesisati\/","title":{"rendered":"Do\u011falgaz Tesisat\u0131"},"content":{"rendered":"\t\t<div data-elementor-type=\"wp-page\" data-elementor-id=\"82\" class=\"elementor elementor-82\" data-elementor-post-type=\"page\">\n\t\t\t\t\t\t<section class=\"elementor-section elementor-top-section elementor-element elementor-element-8f6d84e elementor-section-height-min-height elementor-section-items-stretch elementor-section-content-middle elementor-section-boxed elementor-section-height-default\" data-id=\"8f6d84e\" data-element_type=\"section\" data-settings=\"{&quot;background_background&quot;:&quot;classic&quot;}\">\n\t\t\t\t\t\t\t<div class=\"elementor-background-overlay\"><\/div>\n\t\t\t\t\t\t\t<div class=\"elementor-container elementor-column-gap-default\">\n\t\t\t\t\t<div class=\"elementor-column elementor-col-100 elementor-top-column elementor-element elementor-element-3dc563cc\" data-id=\"3dc563cc\" data-element_type=\"column\">\n\t\t\t<div class=\"elementor-widget-wrap elementor-element-populated\">\n\t\t\t\t\t\t<div class=\"elementor-element elementor-element-1c01e246 elementor-widget elementor-widget-heading\" data-id=\"1c01e246\" data-element_type=\"widget\" data-widget_type=\"heading.default\">\n\t\t\t\t<div class=\"elementor-widget-container\">\n\t\t\t\t\t<h2 class=\"elementor-heading-title elementor-size-default\">Do\u011falgaz Tesisat\u0131<\/h2>\t\t\t\t<\/div>\n\t\t\t\t<\/div>\n\t\t\t\t<div class=\"elementor-element elementor-element-44a20bd1 elementor-widget elementor-widget-text-editor\" data-id=\"44a20bd1\" data-element_type=\"widget\" data-widget_type=\"text-editor.default\">\n\t\t\t\t<div class=\"elementor-widget-container\">\n\t\t\t\t\t\t\t\t\t<p><a href=\"https:\/\/maviyansima.com\/\">Anasayfa<\/a> \/ Do\u011falgaz Tesisat\u0131<\/p>\t\t\t\t\t\t\t\t<\/div>\n\t\t\t\t<\/div>\n\t\t\t\t\t<\/div>\n\t\t<\/div>\n\t\t\t\t\t<\/div>\n\t\t<\/section>\n\t\t\t\t<section class=\"elementor-section elementor-top-section elementor-element elementor-element-3aaf406f elementor-section-boxed elementor-section-height-default elementor-section-height-default\" data-id=\"3aaf406f\" data-element_type=\"section\">\n\t\t\t\t\t\t<div class=\"elementor-container elementor-column-gap-default\">\n\t\t\t\t\t<div class=\"elementor-column elementor-col-50 elementor-top-column elementor-element elementor-element-26a96933\" data-id=\"26a96933\" data-element_type=\"column\">\n\t\t\t<div class=\"elementor-widget-wrap elementor-element-populated\">\n\t\t\t\t\t\t<div class=\"elementor-element elementor-element-49cb4e92 elementor-widget elementor-widget-spacer\" data-id=\"49cb4e92\" data-element_type=\"widget\" data-widget_type=\"spacer.default\">\n\t\t\t\t<div class=\"elementor-widget-container\">\n\t\t\t\t\t\t\t<div class=\"elementor-spacer\">\n\t\t\t<div class=\"elementor-spacer-inner\"><\/div>\n\t\t<\/div>\n\t\t\t\t\t\t<\/div>\n\t\t\t\t<\/div>\n\t\t\t\t<div class=\"elementor-element elementor-element-54351b1a elementor-widget elementor-widget-heading\" data-id=\"54351b1a\" data-element_type=\"widget\" data-widget_type=\"heading.default\">\n\t\t\t\t<div class=\"elementor-widget-container\">\n\t\t\t\t\t<h4 class=\"elementor-heading-title elementor-size-default\">Hizmetlerimiz<\/h4>\t\t\t\t<\/div>\n\t\t\t\t<\/div>\n\t\t\t\t<div class=\"elementor-element elementor-element-4e0a7f26 elementor-widget-divider--view-line elementor-widget elementor-widget-divider\" data-id=\"4e0a7f26\" data-element_type=\"widget\" data-widget_type=\"divider.default\">\n\t\t\t\t<div class=\"elementor-widget-container\">\n\t\t\t\t\t\t\t<div class=\"elementor-divider\">\n\t\t\t<span class=\"elementor-divider-separator\">\n\t\t\t\t\t\t<\/span>\n\t\t<\/div>\n\t\t\t\t\t\t<\/div>\n\t\t\t\t<\/div>\n\t\t\t\t<div class=\"elementor-element elementor-element-bcef560 elementor-icon-list--layout-traditional elementor-list-item-link-full_width elementor-widget elementor-widget-icon-list\" data-id=\"bcef560\" data-element_type=\"widget\" data-widget_type=\"icon-list.default\">\n\t\t\t\t<div class=\"elementor-widget-container\">\n\t\t\t\t\t\t\t<ul class=\"elementor-icon-list-items\">\n\t\t\t\t\t\t\t<li class=\"elementor-icon-list-item\">\n\t\t\t\t\t\t\t\t\t\t\t<a href=\"https:\/\/maviyansima.com\/index.php\/dogalgaz-tesisati\/\">\n\n\t\t\t\t\t\t\t\t\t\t\t\t<span class=\"elementor-icon-list-icon\">\n\t\t\t\t\t\t\t<i aria-hidden=\"true\" class=\"icon icon-right-arrow1\"><\/i>\t\t\t\t\t\t<\/span>\n\t\t\t\t\t\t\t\t\t\t<span class=\"elementor-icon-list-text\">Do\u011falgaz Tesisat ve Hizmetleri<\/span>\n\t\t\t\t\t\t\t\t\t\t\t<\/a>\n\t\t\t\t\t\t\t\t\t<\/li>\n\t\t\t\t\t\t\t\t<li class=\"elementor-icon-list-item\">\n\t\t\t\t\t\t\t\t\t\t\t<a href=\"https:\/\/maviyansima.com\/index.php\/kalorifer-tesisati\/\">\n\n\t\t\t\t\t\t\t\t\t\t\t\t<span class=\"elementor-icon-list-icon\">\n\t\t\t\t\t\t\t<i aria-hidden=\"true\" class=\"icon icon-right-arrow1\"><\/i>\t\t\t\t\t\t<\/span>\n\t\t\t\t\t\t\t\t\t\t<span class=\"elementor-icon-list-text\">Kalorifer Tesisat\u0131<\/span>\n\t\t\t\t\t\t\t\t\t\t\t<\/a>\n\t\t\t\t\t\t\t\t\t<\/li>\n\t\t\t\t\t\t\t\t<li class=\"elementor-icon-list-item\">\n\t\t\t\t\t\t\t\t\t\t\t<a href=\"https:\/\/maviyansima.com\/index.php\/kombi-montaji\/\">\n\n\t\t\t\t\t\t\t\t\t\t\t\t<span class=\"elementor-icon-list-icon\">\n\t\t\t\t\t\t\t<i aria-hidden=\"true\" class=\"icon icon-right-arrow1\"><\/i>\t\t\t\t\t\t<\/span>\n\t\t\t\t\t\t\t\t\t\t<span class=\"elementor-icon-list-text\">Kombi Montaj\u0131<\/span>\n\t\t\t\t\t\t\t\t\t\t\t<\/a>\n\t\t\t\t\t\t\t\t\t<\/li>\n\t\t\t\t\t\t<\/ul>\n\t\t\t\t\t\t<\/div>\n\t\t\t\t<\/div>\n\t\t\t\t<div class=\"elementor-element elementor-element-4cce0fd9 elementor-widget-divider--view-line elementor-widget elementor-widget-divider\" data-id=\"4cce0fd9\" data-element_type=\"widget\" data-widget_type=\"divider.default\">\n\t\t\t\t<div class=\"elementor-widget-container\">\n\t\t\t\t\t\t\t<div class=\"elementor-divider\">\n\t\t\t<span class=\"elementor-divider-separator\">\n\t\t\t\t\t\t<\/span>\n\t\t<\/div>\n\t\t\t\t\t\t<\/div>\n\t\t\t\t<\/div>\n\t\t\t\t<div class=\"elementor-element elementor-element-428a06bb elementor-widget elementor-widget-spacer\" data-id=\"428a06bb\" data-element_type=\"widget\" data-widget_type=\"spacer.default\">\n\t\t\t\t<div class=\"elementor-widget-container\">\n\t\t\t\t\t\t\t<div class=\"elementor-spacer\">\n\t\t\t<div class=\"elementor-spacer-inner\"><\/div>\n\t\t<\/div>\n\t\t\t\t\t\t<\/div>\n\t\t\t\t<\/div>\n\t\t\t\t<section class=\"elementor-section elementor-inner-section elementor-element elementor-element-51e3a71c elementor-section-boxed elementor-section-height-default elementor-section-height-default\" data-id=\"51e3a71c\" data-element_type=\"section\">\n\t\t\t\t\t\t<div class=\"elementor-container elementor-column-gap-default\">\n\t\t\t\t\t<div class=\"elementor-column elementor-col-100 elementor-inner-column elementor-element elementor-element-5d660115\" data-id=\"5d660115\" data-element_type=\"column\" data-settings=\"{&quot;background_background&quot;:&quot;classic&quot;}\">\n\t\t\t<div class=\"elementor-widget-wrap elementor-element-populated\">\n\t\t\t\t\t<div class=\"elementor-background-overlay\"><\/div>\n\t\t\t\t\t\t<div class=\"elementor-element elementor-element-428571c7 elementor-widget elementor-widget-heading\" data-id=\"428571c7\" data-element_type=\"widget\" data-widget_type=\"heading.default\">\n\t\t\t\t<div class=\"elementor-widget-container\">\n\t\t\t\t\t<h4 class=\"elementor-heading-title elementor-size-default\">\u00dccretsiz Ke\u015fif \u0130ster Misiniz?<\/h4>\t\t\t\t<\/div>\n\t\t\t\t<\/div>\n\t\t\t\t<div class=\"elementor-element elementor-element-29f43c96 elementor-widget elementor-widget-text-editor\" data-id=\"29f43c96\" data-element_type=\"widget\" data-widget_type=\"text-editor.default\">\n\t\t\t\t<div class=\"elementor-widget-container\">\n\t\t\t\t\t\t\t\t\t<p>Formu Doldurun ve Sizinle Hemen \u0130leti\u015fime Ge\u00e7elim<\/p>\t\t\t\t\t\t\t\t<\/div>\n\t\t\t\t<\/div>\n\t\t\t\t<div class=\"elementor-element elementor-element-40dada8e elementor-mobile-align-center elementor-widget elementor-widget-button\" data-id=\"40dada8e\" data-element_type=\"widget\" data-widget_type=\"button.default\">\n\t\t\t\t<div class=\"elementor-widget-container\">\n\t\t\t\t\t\t\t\t\t<div class=\"elementor-button-wrapper\">\n\t\t\t\t\t<a class=\"elementor-button elementor-button-link elementor-size-sm elementor-animation-float\" href=\"#\">\n\t\t\t\t\t\t<span class=\"elementor-button-content-wrapper\">\n\t\t\t\t\t\t<span class=\"elementor-button-icon\">\n\t\t\t\t<i aria-hidden=\"true\" class=\"icon icon-arrow-right-circle\"><\/i>\t\t\t<\/span>\n\t\t\t\t\t\t\t\t\t<span class=\"elementor-button-text\">Form<\/span>\n\t\t\t\t\t<\/span>\n\t\t\t\t\t<\/a>\n\t\t\t\t<\/div>\n\t\t\t\t\t\t\t\t<\/div>\n\t\t\t\t<\/div>\n\t\t\t\t\t<\/div>\n\t\t<\/div>\n\t\t\t\t\t<\/div>\n\t\t<\/section>\n\t\t\t\t\t<\/div>\n\t\t<\/div>\n\t\t\t\t<div class=\"elementor-column elementor-col-50 elementor-top-column elementor-element elementor-element-273641e8\" data-id=\"273641e8\" data-element_type=\"column\">\n\t\t\t<div class=\"elementor-widget-wrap elementor-element-populated\">\n\t\t\t\t\t\t<div class=\"elementor-element elementor-element-ef97920 elementor-widget elementor-widget-image\" data-id=\"ef97920\" data-element_type=\"widget\" data-widget_type=\"image.default\">\n\t\t\t\t<div class=\"elementor-widget-container\">\n\t\t\t\t\t\t\t\t\t\t\t\t\t\t\t<img fetchpriority=\"high\" decoding=\"async\" width=\"1000\" height=\"667\" src=\"https:\/\/maviyansima.com\/wp-content\/uploads\/2025\/01\/143.jpg\" class=\"attachment-full size-full wp-image-176\" alt=\"\" srcset=\"https:\/\/maviyansima.com\/wp-content\/uploads\/2025\/01\/143.jpg 1000w, https:\/\/maviyansima.com\/wp-content\/uploads\/2025\/01\/143-300x200.jpg 300w, https:\/\/maviyansima.com\/wp-content\/uploads\/2025\/01\/143-768x512.jpg 768w\" sizes=\"(max-width: 1000px) 100vw, 1000px\" \/>\t\t\t\t\t\t\t\t\t\t\t\t\t\t\t<\/div>\n\t\t\t\t<\/div>\n\t\t\t\t<div class=\"elementor-element elementor-element-7c14d9d7 elementor-widget elementor-widget-heading\" data-id=\"7c14d9d7\" data-element_type=\"widget\" data-widget_type=\"heading.default\">\n\t\t\t\t<div class=\"elementor-widget-container\">\n\t\t\t\t\t<h3 class=\"elementor-heading-title elementor-size-default\">Mavi Yans\u0131ma Do\u011falgaz Tesisat ve Hizmetleri<\/h3>\t\t\t\t<\/div>\n\t\t\t\t<\/div>\n\t\t\t\t<div class=\"elementor-element elementor-element-4cb72b9a elementor-widget elementor-widget-text-editor\" data-id=\"4cb72b9a\" data-element_type=\"widget\" data-widget_type=\"text-editor.default\">\n\t\t\t\t<div class=\"elementor-widget-container\">\n\t\t\t\t\t\t\t\t\t<p>Do\u011falgaz tesisat\u0131, do\u011falgaz d\u00f6n\u00fc\u015f\u00fcmleri, ocak d\u00f6n\u00fc\u015f\u00fcm\u00fc, proje \u00e7izimi, bak\u0131m ve onar\u0131m hizmetlerinde uzman ekibimizle hizmetinizdeyiz.<\/p><p>Mavi Yans\u0131ma olarak, do\u011falgaz tesisat\u0131n\u0131z\u0131 bina giri\u015finden ba\u015flayarak, kullan\u0131ld\u0131\u011f\u0131 son cihaza (f\u0131r\u0131n, ocak vb.) kadar t\u00fcm k\u0131s\u0131mlar\u0131n\u0131 projesine uygun bir \u015fekilde montajl\u0131yoruz. Do\u011falgaz tesisat\u0131n\u0131n kurulumu, tamiri, d\u00f6n\u00fc\u015f\u00fcmleri; proje \u00e7izimi, bak\u0131m ve onar\u0131m hizmetleri konusunda profesyonel ekibimizle siz de\u011ferli m\u00fc\u015fterilerimize kaliteli ve g\u00fcvenilir hizmet sunmaktay\u0131z.<\/p><h6>Bizden Fiyat Bilgisi Almadan Karar Vermeyin!<\/h6><p>\u0130zmirgaz yetkili bir firma olarak, tecr\u00fcbeli ve uzman kadromuzla do\u011falgaz tesisat\u0131n\u0131z\u0131 profesyonel bir \u015fekilde ger\u00e7ekle\u015ftiriyoruz. \u0130zmir genelinde do\u011falgaz tesisat\u0131 ile ilgili \u00fccretsiz ke\u015fif hizmetimiz bulunmaktad\u0131r. Do\u011falgaz tesisat\u0131n\u0131n nas\u0131l yap\u0131laca\u011f\u0131, hangi g\u00fczergahlardan ge\u00e7ece\u011fi, kombinin nereye konulaca\u011f\u0131, ne kadar petek yerle\u015ftirilmesi gerekti\u011fi gibi bir\u00e7ok sorunuza ke\u015fif i\u00e7in gelen deneyimli personelimiz cevap verecektir.<\/p><p>Do\u011falgaz, b\u00f6lgede bulunan yetkili gaz da\u011f\u0131t\u0131m firmalar\u0131 taraf\u0131ndan gaz kullanacak birimlere kadar ta\u015f\u0131n\u0131r. Bu birimler binalar, m\u00fcstakil evler, toplu konutlar ve fabrikalar gibi \u00e7ok geni\u015f bir yelpazeyi kapsar.<\/p><p>Talep edilen kullan\u0131m miktar\u0131na g\u00f6re (m\u00b3\/h) servis kutusu veya gaz istasyonu, gaz da\u011f\u0131t\u0131m firmalar\u0131nca belirli bir alanda b\u0131rak\u0131lmaktad\u0131r. Servis kutusundan yak\u0131c\u0131 cihazlara kadar do\u011falgaz\u0131n ta\u015f\u0131nmas\u0131 i\u00e7in gerekli tesisat, yaln\u0131zca gaz da\u011f\u0131t\u0131m firmalar\u0131nca yetkilendirilmi\u015f firmalar taraf\u0131ndan yap\u0131lmal\u0131d\u0131r. Bu firmalar\u0131n uymas\u0131 gereken kurallar ise TSE 7363 isimli \u015fartnamede belirtilmi\u015ftir.<\/p><p>Mavi Yans\u0131ma olarak, do\u011falgaz tesisat\u0131n\u0131zda en y\u00fcksek g\u00fcvenlik ve verimlilik i\u00e7in gerekli t\u00fcm i\u015flemleri, uzman kadromuz ve y\u00fcksek kaliteli ekipmanlarla yerine getiriyoruz.<\/p>\t\t\t\t\t\t\t\t<\/div>\n\t\t\t\t<\/div>\n\t\t\t\t\t<\/div>\n\t\t<\/div>\n\t\t\t\t\t<\/div>\n\t\t<\/section>\n\t\t\t\t<\/div>\n\t\t","protected":false},"excerpt":{"rendered":"<p>Do\u011falgaz Tesisat\u0131 Anasayfa \/ Do\u011falgaz Tesisat\u0131 Hizmetlerimiz Do\u011falgaz Tesisat ve Hizmetleri Kalorifer Tesisat\u0131 Kombi Montaj\u0131 \u00dccretsiz Ke\u015fif \u0130ster Misiniz? Formu Doldurun ve Sizinle Hemen \u0130leti\u015fime Ge\u00e7elim Form Mavi Yans\u0131ma Do\u011falgaz Tesisat ve Hizmetleri Do\u011falgaz tesisat\u0131, do\u011falgaz d\u00f6n\u00fc\u015f\u00fcmleri, ocak d\u00f6n\u00fc\u015f\u00fcm\u00fc, proje \u00e7izimi, bak\u0131m ve onar\u0131m hizmetlerinde uzman ekibimizle hizmetinizdeyiz. Mavi Yans\u0131ma olarak, do\u011falgaz tesisat\u0131n\u0131z\u0131 bina giri\u015finden [&hellip;]<\/p>\n","protected":false},"author":1,"featured_media":0,"parent":0,"menu_order":0,"comment_status":"closed","ping_status":"closed","template":"elementor_header_footer","meta":{"_joinchat":[],"footnotes":""},"class_list":["post-82","page","type-page","status-publish","hentry"],"_links":{"self":[{"href":"https:\/\/maviyansima.com\/index.php\/wp-json\/wp\/v2\/pages\/82","targetHints":{"allow":["GET"]}}],"collection":[{"href":"https:\/\/maviyansima.com\/index.php\/wp-json\/wp\/v2\/pages"}],"about":[{"href":"https:\/\/maviyansima.com\/index.php\/wp-json\/wp\/v2\/types\/page"}],"author":[{"embeddable":true,"href":"https:\/\/maviyansima.com\/index.php\/wp-json\/wp\/v2\/users\/1"}],"replies":[{"embeddable":true,"href":"https:\/\/maviyansima.com\/index.php\/wp-json\/wp\/v2\/comments?post=82"}],"version-history":[{"count":16,"href":"https:\/\/maviyansima.com\/index.php\/wp-json\/wp\/v2\/pages\/82\/revisions"}],"predecessor-version":[{"id":182,"href":"https:\/\/maviyansima.com\/index.php\/wp-json\/wp\/v2\/pages\/82\/revisions\/182"}],"wp:attachment":[{"href":"https:\/\/maviyansima.com\/index.php\/wp-json\/wp\/v2\/media?parent=82"}],"curies":[{"name":"wp","href":"https:\/\/api.w.org\/{rel}","templated":true}]}}