{"id":84,"date":"2025-01-21T14:53:09","date_gmt":"2025-01-21T11:53:09","guid":{"rendered":"https:\/\/maviyansima.com\/?page_id=84"},"modified":"2025-01-21T18:00:29","modified_gmt":"2025-01-21T15:00:29","slug":"kalorifer-tesisati","status":"publish","type":"page","link":"https:\/\/maviyansima.com\/index.php\/kalorifer-tesisati\/","title":{"rendered":"Kalorifer Tesisat\u0131"},"content":{"rendered":"\t\t<div data-elementor-type=\"wp-page\" data-elementor-id=\"84\" class=\"elementor elementor-84\" data-elementor-post-type=\"page\">\n\t\t\t\t\t\t<section class=\"elementor-section elementor-top-section elementor-element elementor-element-340620a1 elementor-section-height-min-height elementor-section-items-stretch elementor-section-content-middle elementor-section-boxed elementor-section-height-default\" data-id=\"340620a1\" data-element_type=\"section\" data-settings=\"{&quot;background_background&quot;:&quot;classic&quot;}\">\n\t\t\t\t\t\t\t<div class=\"elementor-background-overlay\"><\/div>\n\t\t\t\t\t\t\t<div class=\"elementor-container elementor-column-gap-default\">\n\t\t\t\t\t<div class=\"elementor-column elementor-col-100 elementor-top-column elementor-element elementor-element-7f1312d7\" data-id=\"7f1312d7\" data-element_type=\"column\">\n\t\t\t<div class=\"elementor-widget-wrap elementor-element-populated\">\n\t\t\t\t\t\t<div class=\"elementor-element elementor-element-ebd3679 elementor-widget elementor-widget-heading\" data-id=\"ebd3679\" data-element_type=\"widget\" data-widget_type=\"heading.default\">\n\t\t\t\t<div class=\"elementor-widget-container\">\n\t\t\t\t\t<h2 class=\"elementor-heading-title elementor-size-default\">Kalorifer Tesisat\u0131<\/h2>\t\t\t\t<\/div>\n\t\t\t\t<\/div>\n\t\t\t\t<div class=\"elementor-element elementor-element-4f17c026 elementor-widget elementor-widget-text-editor\" data-id=\"4f17c026\" data-element_type=\"widget\" data-widget_type=\"text-editor.default\">\n\t\t\t\t<div class=\"elementor-widget-container\">\n\t\t\t\t\t\t\t\t\t<p><a href=\"https:\/\/maviyansima.com\/\">Anasayfa<\/a>\/ Kalorifer Tesisat\u0131<\/p>\t\t\t\t\t\t\t\t<\/div>\n\t\t\t\t<\/div>\n\t\t\t\t\t<\/div>\n\t\t<\/div>\n\t\t\t\t\t<\/div>\n\t\t<\/section>\n\t\t\t\t<section class=\"elementor-section elementor-top-section elementor-element elementor-element-314ed968 elementor-section-boxed elementor-section-height-default elementor-section-height-default\" data-id=\"314ed968\" data-element_type=\"section\">\n\t\t\t\t\t\t<div class=\"elementor-container elementor-column-gap-default\">\n\t\t\t\t\t<div class=\"elementor-column elementor-col-50 elementor-top-column elementor-element elementor-element-514238bb\" data-id=\"514238bb\" data-element_type=\"column\">\n\t\t\t<div class=\"elementor-widget-wrap elementor-element-populated\">\n\t\t\t\t\t\t<div class=\"elementor-element elementor-element-2a221aca elementor-widget elementor-widget-spacer\" data-id=\"2a221aca\" data-element_type=\"widget\" data-widget_type=\"spacer.default\">\n\t\t\t\t<div class=\"elementor-widget-container\">\n\t\t\t\t\t\t\t<div class=\"elementor-spacer\">\n\t\t\t<div class=\"elementor-spacer-inner\"><\/div>\n\t\t<\/div>\n\t\t\t\t\t\t<\/div>\n\t\t\t\t<\/div>\n\t\t\t\t<div class=\"elementor-element elementor-element-b923d48 elementor-widget elementor-widget-heading\" data-id=\"b923d48\" data-element_type=\"widget\" data-widget_type=\"heading.default\">\n\t\t\t\t<div class=\"elementor-widget-container\">\n\t\t\t\t\t<h4 class=\"elementor-heading-title elementor-size-default\">Hizmetlerimiz<\/h4>\t\t\t\t<\/div>\n\t\t\t\t<\/div>\n\t\t\t\t<div class=\"elementor-element elementor-element-637fb92f elementor-widget-divider--view-line elementor-widget elementor-widget-divider\" data-id=\"637fb92f\" data-element_type=\"widget\" data-widget_type=\"divider.default\">\n\t\t\t\t<div class=\"elementor-widget-container\">\n\t\t\t\t\t\t\t<div class=\"elementor-divider\">\n\t\t\t<span class=\"elementor-divider-separator\">\n\t\t\t\t\t\t<\/span>\n\t\t<\/div>\n\t\t\t\t\t\t<\/div>\n\t\t\t\t<\/div>\n\t\t\t\t<div class=\"elementor-element elementor-element-a382d77 elementor-icon-list--layout-traditional elementor-list-item-link-full_width elementor-widget elementor-widget-icon-list\" data-id=\"a382d77\" data-element_type=\"widget\" data-widget_type=\"icon-list.default\">\n\t\t\t\t<div class=\"elementor-widget-container\">\n\t\t\t\t\t\t\t<ul class=\"elementor-icon-list-items\">\n\t\t\t\t\t\t\t<li class=\"elementor-icon-list-item\">\n\t\t\t\t\t\t\t\t\t\t\t<a href=\"https:\/\/maviyansima.com\/index.php\/dogalgaz-tesisati\/\">\n\n\t\t\t\t\t\t\t\t\t\t\t\t<span class=\"elementor-icon-list-icon\">\n\t\t\t\t\t\t\t<i aria-hidden=\"true\" class=\"icon icon-right-arrow1\"><\/i>\t\t\t\t\t\t<\/span>\n\t\t\t\t\t\t\t\t\t\t<span class=\"elementor-icon-list-text\">Do\u011falgaz Tesisat ve Hizmetleri<\/span>\n\t\t\t\t\t\t\t\t\t\t\t<\/a>\n\t\t\t\t\t\t\t\t\t<\/li>\n\t\t\t\t\t\t\t\t<li class=\"elementor-icon-list-item\">\n\t\t\t\t\t\t\t\t\t\t\t<a href=\"https:\/\/maviyansima.com\/index.php\/kalorifer-tesisati\/\">\n\n\t\t\t\t\t\t\t\t\t\t\t\t<span class=\"elementor-icon-list-icon\">\n\t\t\t\t\t\t\t<i aria-hidden=\"true\" class=\"icon icon-right-arrow1\"><\/i>\t\t\t\t\t\t<\/span>\n\t\t\t\t\t\t\t\t\t\t<span class=\"elementor-icon-list-text\">Kalorifer Tesisat\u0131<\/span>\n\t\t\t\t\t\t\t\t\t\t\t<\/a>\n\t\t\t\t\t\t\t\t\t<\/li>\n\t\t\t\t\t\t\t\t<li class=\"elementor-icon-list-item\">\n\t\t\t\t\t\t\t\t\t\t\t<a href=\"https:\/\/maviyansima.com\/index.php\/kombi-montaji\/\">\n\n\t\t\t\t\t\t\t\t\t\t\t\t<span class=\"elementor-icon-list-icon\">\n\t\t\t\t\t\t\t<i aria-hidden=\"true\" class=\"icon icon-right-arrow1\"><\/i>\t\t\t\t\t\t<\/span>\n\t\t\t\t\t\t\t\t\t\t<span class=\"elementor-icon-list-text\">Kombi Montaj\u0131<\/span>\n\t\t\t\t\t\t\t\t\t\t\t<\/a>\n\t\t\t\t\t\t\t\t\t<\/li>\n\t\t\t\t\t\t<\/ul>\n\t\t\t\t\t\t<\/div>\n\t\t\t\t<\/div>\n\t\t\t\t<div class=\"elementor-element elementor-element-35d3d0b2 elementor-widget-divider--view-line elementor-widget elementor-widget-divider\" data-id=\"35d3d0b2\" data-element_type=\"widget\" data-widget_type=\"divider.default\">\n\t\t\t\t<div class=\"elementor-widget-container\">\n\t\t\t\t\t\t\t<div class=\"elementor-divider\">\n\t\t\t<span class=\"elementor-divider-separator\">\n\t\t\t\t\t\t<\/span>\n\t\t<\/div>\n\t\t\t\t\t\t<\/div>\n\t\t\t\t<\/div>\n\t\t\t\t<div class=\"elementor-element elementor-element-1adb9d36 elementor-widget elementor-widget-spacer\" data-id=\"1adb9d36\" data-element_type=\"widget\" data-widget_type=\"spacer.default\">\n\t\t\t\t<div class=\"elementor-widget-container\">\n\t\t\t\t\t\t\t<div class=\"elementor-spacer\">\n\t\t\t<div class=\"elementor-spacer-inner\"><\/div>\n\t\t<\/div>\n\t\t\t\t\t\t<\/div>\n\t\t\t\t<\/div>\n\t\t\t\t<section class=\"elementor-section elementor-inner-section elementor-element elementor-element-048f06d elementor-section-boxed elementor-section-height-default elementor-section-height-default\" data-id=\"048f06d\" data-element_type=\"section\">\n\t\t\t\t\t\t<div class=\"elementor-container elementor-column-gap-default\">\n\t\t\t\t\t<div class=\"elementor-column elementor-col-100 elementor-inner-column elementor-element elementor-element-79475f5\" data-id=\"79475f5\" data-element_type=\"column\" data-settings=\"{&quot;background_background&quot;:&quot;classic&quot;}\">\n\t\t\t<div class=\"elementor-widget-wrap elementor-element-populated\">\n\t\t\t\t\t<div class=\"elementor-background-overlay\"><\/div>\n\t\t\t\t\t\t<div class=\"elementor-element elementor-element-fbe6870 elementor-widget elementor-widget-heading\" data-id=\"fbe6870\" data-element_type=\"widget\" data-widget_type=\"heading.default\">\n\t\t\t\t<div class=\"elementor-widget-container\">\n\t\t\t\t\t<h4 class=\"elementor-heading-title elementor-size-default\">\u00dccretsiz Ke\u015fif \u0130ster Misiniz?<\/h4>\t\t\t\t<\/div>\n\t\t\t\t<\/div>\n\t\t\t\t<div class=\"elementor-element elementor-element-dd4bc6b elementor-widget elementor-widget-text-editor\" data-id=\"dd4bc6b\" data-element_type=\"widget\" data-widget_type=\"text-editor.default\">\n\t\t\t\t<div class=\"elementor-widget-container\">\n\t\t\t\t\t\t\t\t\t<p>Formu Doldurun ve Sizinle Hemen \u0130leti\u015fime Ge\u00e7elim<\/p>\t\t\t\t\t\t\t\t<\/div>\n\t\t\t\t<\/div>\n\t\t\t\t<div class=\"elementor-element elementor-element-91aba16 elementor-mobile-align-center elementor-widget elementor-widget-button\" data-id=\"91aba16\" data-element_type=\"widget\" data-widget_type=\"button.default\">\n\t\t\t\t<div class=\"elementor-widget-container\">\n\t\t\t\t\t\t\t\t\t<div class=\"elementor-button-wrapper\">\n\t\t\t\t\t<a class=\"elementor-button elementor-button-link elementor-size-sm elementor-animation-float\" href=\"#\">\n\t\t\t\t\t\t<span class=\"elementor-button-content-wrapper\">\n\t\t\t\t\t\t<span class=\"elementor-button-icon\">\n\t\t\t\t<i aria-hidden=\"true\" class=\"icon icon-arrow-right-circle\"><\/i>\t\t\t<\/span>\n\t\t\t\t\t\t\t\t\t<span class=\"elementor-button-text\">Form<\/span>\n\t\t\t\t\t<\/span>\n\t\t\t\t\t<\/a>\n\t\t\t\t<\/div>\n\t\t\t\t\t\t\t\t<\/div>\n\t\t\t\t<\/div>\n\t\t\t\t\t<\/div>\n\t\t<\/div>\n\t\t\t\t\t<\/div>\n\t\t<\/section>\n\t\t\t\t\t<\/div>\n\t\t<\/div>\n\t\t\t\t<div class=\"elementor-column elementor-col-50 elementor-top-column elementor-element elementor-element-3f14a533\" data-id=\"3f14a533\" data-element_type=\"column\">\n\t\t\t<div class=\"elementor-widget-wrap elementor-element-populated\">\n\t\t\t\t\t\t<div class=\"elementor-element elementor-element-237e621c elementor-widget elementor-widget-image\" data-id=\"237e621c\" data-element_type=\"widget\" data-widget_type=\"image.default\">\n\t\t\t\t<div class=\"elementor-widget-container\">\n\t\t\t\t\t\t\t\t\t\t\t\t\t\t\t<img fetchpriority=\"high\" decoding=\"async\" width=\"1000\" height=\"667\" src=\"https:\/\/maviyansima.com\/wp-content\/uploads\/2025\/01\/3186.jpg\" class=\"attachment-full size-full wp-image-185\" alt=\"\" srcset=\"https:\/\/maviyansima.com\/wp-content\/uploads\/2025\/01\/3186.jpg 1000w, https:\/\/maviyansima.com\/wp-content\/uploads\/2025\/01\/3186-300x200.jpg 300w, https:\/\/maviyansima.com\/wp-content\/uploads\/2025\/01\/3186-768x512.jpg 768w\" sizes=\"(max-width: 1000px) 100vw, 1000px\" \/>\t\t\t\t\t\t\t\t\t\t\t\t\t\t\t<\/div>\n\t\t\t\t<\/div>\n\t\t\t\t<div class=\"elementor-element elementor-element-6698fb6f elementor-widget elementor-widget-heading\" data-id=\"6698fb6f\" data-element_type=\"widget\" data-widget_type=\"heading.default\">\n\t\t\t\t<div class=\"elementor-widget-container\">\n\t\t\t\t\t<h3 class=\"elementor-heading-title elementor-size-default\">Mavi Yans\u0131ma Is\u0131tma Sistemleri ve Uygulamalar\u0131\n\n<\/h3>\t\t\t\t<\/div>\n\t\t\t\t<\/div>\n\t\t\t\t<div class=\"elementor-element elementor-element-46cbfca4 elementor-widget elementor-widget-text-editor\" data-id=\"46cbfca4\" data-element_type=\"widget\" data-widget_type=\"text-editor.default\">\n\t\t\t\t<div class=\"elementor-widget-container\">\n\t\t\t\t\t\t\t\t\t<h6>Is\u0131tma Sistemleri \u00c7e\u015fitleri<\/h6><p>Mavi Yans\u0131ma olarak, farkl\u0131 \u0131s\u0131tma ihtiya\u00e7lar\u0131n\u0131za uygun \u00fc\u00e7 farkl\u0131 kalorifer sistemi sunmaktay\u0131z: Bak\u0131r Boru Hat Kaloriferi Sistemi, Yerden Is\u0131tma Sistemi ve Yerden Da\u011f\u0131tma Sistemi.<\/p><h6>Merkezi Is\u0131tma Sistemi<\/h6><p>Konutlarda \u0131s\u0131tma ve s\u0131cak su temini i\u00e7in \u0131s\u0131n\u0131n merkezi olarak bir noktada haz\u0131rlanmas\u0131, merkezi \u0131s\u0131tma sistemi ile sa\u011flanmaktad\u0131r. 5627 say\u0131l\u0131 Enerji Verimlili\u011fi Kanunu ve Binalarda Enerji Performans\u0131 Y\u00f6netmeli\u011fi&#8217;ne g\u00f6re, 2000 m\u00b2\u2019nin \u00fczerindeki binalarda merkezi \u0131s\u0131tma sistemi zorunlulu\u011fu getirilmi\u015ftir. Bu sisteme sahip binalarda, merkezi s\u0131cakl\u0131k kontrol cihazlar\u0131 ile \u0131s\u0131nma maliyetlerinin \u0131s\u0131 kullan\u0131m miktar\u0131na ba\u011fl\u0131 olarak payla\u015f\u0131lmas\u0131n\u0131 sa\u011flayan sistemlerin kullan\u0131lmas\u0131 gerekmektedir.<\/p><h6>Is\u0131tma Sisteminin \u00c7al\u0131\u015fma Prensibi<\/h6><p>Is\u0131tma sistemleri, \u0131s\u0131 enerjisini \u00fcreten cihaz ile bu enerjiyi ortama aktaracak olan cihaz veya e\u015fanj\u00f6re ileten sistemlerdir. Bu sistemlerde ta\u015f\u0131y\u0131c\u0131 ak\u0131\u015fkan olarak su veya hava kullan\u0131labilir. Kullan\u0131lacak ak\u0131\u015fkana g\u00f6re farkl\u0131 sistemler ve malzemeler se\u00e7ilmektedir. G\u00fcn\u00fcm\u00fczde, bireysel kullan\u0131mlarda genellikle su, \u0131s\u0131 ta\u015f\u0131y\u0131c\u0131 ak\u0131\u015fkan olarak tercih edilmektedir. Bu sistemler \u00e7o\u011funlukla kapal\u0131 devre sistemlerdir ve m\u00fcdahale olmad\u0131k\u00e7a sistemden k\u00fctle \u00e7\u0131k\u0131\u015f\u0131 olmaz.<\/p><h6>Plastik Tesisat Sistemleri<\/h6><p>Plastik tesisat, \u015fap alt\u0131 veya \u015fap \u00fcst\u00fc uygulama se\u00e7enekleriyle kurulum yap\u0131labilmektedir. Kullan\u0131lan malzemeler, teknolojinin ilerlemesiyle birlikte daha verimli hale gelmi\u015ftir. G\u00fcn\u00fcm\u00fczde, cihazdan \u00e7\u0131kan enerjiyi radyat\u00f6rlere \u0131s\u0131 kayb\u0131 olmadan ta\u015f\u0131mak i\u00e7in plastik kompozit borular\u0131n kullan\u0131m\u0131 olduk\u00e7a yayg\u0131nd\u0131r ve verim a\u00e7\u0131s\u0131ndan b\u00fcy\u00fck \u00f6nem ta\u015f\u0131r. Sistemin kapal\u0131 devre olmas\u0131 sayesinde sabit miktarda su, \u0131s\u0131tma cihaz\u0131na girer ve \u00e7\u0131kar. S\u00fcrk\u00fclasyonun rahat olmas\u0131 ve diren\u00e7 noktalar\u0131n\u0131n minimumda tutulmas\u0131, verimi art\u0131ran \u00f6nemli etmenlerdir.<\/p><h6>Yerden Is\u0131tma Sistemi<\/h6><p>Yerden \u0131s\u0131tma, d\u00f6\u015feme \u00fczerindeki \u015fap i\u00e7erisine belli aral\u0131klarla d\u00f6\u015fenen borulardan s\u0131cak su ge\u00e7irilerek yap\u0131lan \u0131s\u0131tma y\u00f6ntemidir. Baz\u0131 \u00f6zel uygulamalarda, boru yerine elektrikli \u0131s\u0131t\u0131c\u0131 kablo ve levhalar kullan\u0131larak da \u0131s\u0131tma yap\u0131labilmektedir. Yerden \u0131s\u0131tma sisteminin \u00e7al\u0131\u015fma prensibi di\u011fer sistemlere g\u00f6re farkl\u0131d\u0131r, bu nedenle m\u00fchendislik hesaplamalar\u0131n\u0131n do\u011fru yap\u0131lmas\u0131 ve uygun cihazlar\u0131n se\u00e7ilmesi gerekmektedir.<\/p><p>Mavi Yans\u0131ma olarak, siz de\u011ferli m\u00fc\u015fterilerimize en uygun \u0131s\u0131tma sistemini se\u00e7erken, uzman ekibimizle g\u00fcvenli, verimli ve s\u00fcrd\u00fcr\u00fclebilir \u00e7\u00f6z\u00fcmler sunmaktay\u0131z.<\/p><p>\u00a0<\/p>\t\t\t\t\t\t\t\t<\/div>\n\t\t\t\t<\/div>\n\t\t\t\t\t<\/div>\n\t\t<\/div>\n\t\t\t\t\t<\/div>\n\t\t<\/section>\n\t\t\t\t<\/div>\n\t\t","protected":false},"excerpt":{"rendered":"<p>Kalorifer Tesisat\u0131 Anasayfa\/ Kalorifer Tesisat\u0131 Hizmetlerimiz Do\u011falgaz Tesisat ve Hizmetleri Kalorifer Tesisat\u0131 Kombi Montaj\u0131 \u00dccretsiz Ke\u015fif \u0130ster Misiniz? Formu Doldurun ve Sizinle Hemen \u0130leti\u015fime Ge\u00e7elim Form Mavi Yans\u0131ma Is\u0131tma Sistemleri ve Uygulamalar\u0131 Is\u0131tma Sistemleri \u00c7e\u015fitleri Mavi Yans\u0131ma olarak, farkl\u0131 \u0131s\u0131tma ihtiya\u00e7lar\u0131n\u0131za uygun \u00fc\u00e7 farkl\u0131 kalorifer sistemi sunmaktay\u0131z: Bak\u0131r Boru Hat Kaloriferi Sistemi, Yerden Is\u0131tma Sistemi [&hellip;]<\/p>\n","protected":false},"author":1,"featured_media":0,"parent":0,"menu_order":0,"comment_status":"closed","ping_status":"closed","template":"elementor_header_footer","meta":{"_joinchat":[],"footnotes":""},"class_list":["post-84","page","type-page","status-publish","hentry"],"_links":{"self":[{"href":"https:\/\/maviyansima.com\/index.php\/wp-json\/wp\/v2\/pages\/84","targetHints":{"allow":["GET"]}}],"collection":[{"href":"https:\/\/maviyansima.com\/index.php\/wp-json\/wp\/v2\/pages"}],"about":[{"href":"https:\/\/maviyansima.com\/index.php\/wp-json\/wp\/v2\/types\/page"}],"author":[{"embeddable":true,"href":"https:\/\/maviyansima.com\/index.php\/wp-json\/wp\/v2\/users\/1"}],"replies":[{"embeddable":true,"href":"https:\/\/maviyansima.com\/index.php\/wp-json\/wp\/v2\/comments?post=84"}],"version-history":[{"count":16,"href":"https:\/\/maviyansima.com\/index.php\/wp-json\/wp\/v2\/pages\/84\/revisions"}],"predecessor-version":[{"id":188,"href":"https:\/\/maviyansima.com\/index.php\/wp-json\/wp\/v2\/pages\/84\/revisions\/188"}],"wp:attachment":[{"href":"https:\/\/maviyansima.com\/index.php\/wp-json\/wp\/v2\/media?parent=84"}],"curies":[{"name":"wp","href":"https:\/\/api.w.org\/{rel}","templated":true}]}}